{"id":1029,"date":"2020-12-08T11:18:42","date_gmt":"2020-12-08T10:18:42","guid":{"rendered":"https:\/\/www.mirabel-aux-baronnies.fr\/s2\/?page_id=1029"},"modified":"2023-12-04T11:21:26","modified_gmt":"2023-12-04T10:21:26","slug":"culture","status":"publish","type":"page","link":"https:\/\/www.mirabel-aux-baronnies.fr\/s2\/vie-locale\/culture\/","title":{"rendered":"Culture"},"content":{"rendered":"\t\t<div data-elementor-type=\"wp-page\" data-elementor-id=\"1029\" class=\"elementor elementor-1029\">\n\t\t\t\t\t\t<section class=\"elementor-section elementor-top-section elementor-element elementor-element-5df29b0 elementor-section-boxed elementor-section-height-default elementor-section-height-default\" data-id=\"5df29b0\" data-element_type=\"section\" data-e-type=\"section\">\n\t\t\t\t\t\t<div class=\"elementor-container elementor-column-gap-default\">\n\t\t\t\t\t<div class=\"aux-parallax-section elementor-column elementor-col-100 elementor-top-column elementor-element elementor-element-fd95bfd\" data-id=\"fd95bfd\" data-element_type=\"column\" data-e-type=\"column\">\n\t\t\t<div class=\"elementor-widget-wrap elementor-element-populated\">\n\t\t\t\t\t\t<div class=\"elementor-element elementor-element-c98564d elementor-widget elementor-widget-aux_modern_heading\" data-id=\"c98564d\" data-element_type=\"widget\" data-e-type=\"widget\" data-widget_type=\"aux_modern_heading.default\">\n\t\t\t\t<div class=\"elementor-widget-container\">\n\t\t\t\t\t<section class=\"aux-widget-modern-heading\">\n            <div class=\"aux-widget-inner\"><h2 class=\"aux-modern-heading-primary\">CULTURE - ARTISTES DE MIRABEL<\/h2><\/div>\n        <\/section>\t\t\t\t<\/div>\n\t\t\t\t<\/div>\n\t\t\t\t<div class=\"elementor-element elementor-element-835cb16 elementor-widget-divider--view-line elementor-widget elementor-widget-divider\" data-id=\"835cb16\" data-element_type=\"widget\" data-e-type=\"widget\" data-widget_type=\"divider.default\">\n\t\t\t\t<div class=\"elementor-widget-container\">\n\t\t\t\t\t\t\t<div class=\"elementor-divider\">\n\t\t\t<span class=\"elementor-divider-separator\">\n\t\t\t\t\t\t<\/span>\n\t\t<\/div>\n\t\t\t\t\t\t<\/div>\n\t\t\t\t<\/div>\n\t\t\t\t<section class=\"elementor-section elementor-inner-section elementor-element elementor-element-2479fad elementor-section-boxed elementor-section-height-default elementor-section-height-default\" data-id=\"2479fad\" data-element_type=\"section\" data-e-type=\"section\">\n\t\t\t\t\t\t<div class=\"elementor-container elementor-column-gap-default\">\n\t\t\t\t\t<div class=\"aux-parallax-section elementor-column elementor-col-50 elementor-inner-column elementor-element elementor-element-2a92d71\" data-id=\"2a92d71\" data-element_type=\"column\" data-e-type=\"column\">\n\t\t\t<div class=\"elementor-widget-wrap elementor-element-populated\">\n\t\t\t\t\t\t<div class=\"elementor-element elementor-element-8f95db0 elementor-widget elementor-widget-aux_modern_heading\" data-id=\"8f95db0\" data-element_type=\"widget\" data-e-type=\"widget\" data-widget_type=\"aux_modern_heading.default\">\n\t\t\t\t<div class=\"elementor-widget-container\">\n\t\t\t\t\t<section class=\"aux-widget-modern-heading\">\n            <div class=\"aux-widget-inner\"><h2 class=\"aux-modern-heading-primary\">LA FONTAINE<\/h2><div class=\"aux-modern-heading-description\"><p class=\"chapo\">\u00c9cole de musique \"L'\u00c9cho des Baronnies\"<br \/>38 Avenue de la R\u00e9sistance<\/p><\/div><\/div>\n        <\/section>\t\t\t\t<\/div>\n\t\t\t\t<\/div>\n\t\t\t\t\t<\/div>\n\t\t<\/div>\n\t\t\t\t<div class=\"aux-parallax-section elementor-column elementor-col-50 elementor-inner-column elementor-element elementor-element-ce43d36\" data-id=\"ce43d36\" data-element_type=\"column\" data-e-type=\"column\">\n\t\t\t<div class=\"elementor-widget-wrap elementor-element-populated\">\n\t\t\t\t\t\t<div class=\"elementor-element elementor-element-0471ef7 elementor-widget elementor-widget-aux_modern_heading\" data-id=\"0471ef7\" data-element_type=\"widget\" data-e-type=\"widget\" data-widget_type=\"aux_modern_heading.default\">\n\t\t\t\t<div class=\"elementor-widget-container\">\n\t\t\t\t\t<section class=\"aux-widget-modern-heading\">\n            <div class=\"aux-widget-inner\"><h2 class=\"aux-modern-heading-primary\">GALERIE INSPIRATION<\/h2><div class=\"aux-modern-heading-description\"><p>18 rue du G\u00e9n\u00e9ral De Gaulle<\/p><p>Programme complet :\u00a0<a href=\"http:\/\/www.art-inspirations.fr\/\">www.art-inspirations.fr<\/a><\/p><\/div><\/div>\n        <\/section>\t\t\t\t<\/div>\n\t\t\t\t<\/div>\n\t\t\t\t\t<\/div>\n\t\t<\/div>\n\t\t\t\t\t<\/div>\n\t\t<\/section>\n\t\t\t\t<section class=\"elementor-section elementor-inner-section elementor-element elementor-element-32a2fd8 elementor-section-boxed elementor-section-height-default elementor-section-height-default\" data-id=\"32a2fd8\" data-element_type=\"section\" data-e-type=\"section\">\n\t\t\t\t\t\t<div class=\"elementor-container elementor-column-gap-default\">\n\t\t\t\t\t<div class=\"aux-parallax-section elementor-column elementor-col-50 elementor-inner-column elementor-element elementor-element-dc1ae63\" data-id=\"dc1ae63\" data-element_type=\"column\" data-e-type=\"column\">\n\t\t\t<div class=\"elementor-widget-wrap elementor-element-populated\">\n\t\t\t\t\t\t<div class=\"elementor-element elementor-element-afe4d1d elementor-widget elementor-widget-aux_modern_heading\" data-id=\"afe4d1d\" data-element_type=\"widget\" data-e-type=\"widget\" data-widget_type=\"aux_modern_heading.default\">\n\t\t\t\t<div class=\"elementor-widget-container\">\n\t\t\t\t\t<section class=\"aux-widget-modern-heading\">\n            <div class=\"aux-widget-inner\"><h2 class=\"aux-modern-heading-primary\">Yann Eric EICHENBERGER<\/h2><div class=\"aux-modern-heading-description\"><p class=\"chapo\">Les Miallons<\/p><p>T\u00e9l : 06 50 60 02 97<\/p><p>https:\/\/www.sculpture-attitude.com<\/p><p>\u00a0<\/p><\/div><\/div>\n        <\/section>\t\t\t\t<\/div>\n\t\t\t\t<\/div>\n\t\t\t\t\t<\/div>\n\t\t<\/div>\n\t\t\t\t<div class=\"aux-parallax-section elementor-column elementor-col-50 elementor-inner-column elementor-element elementor-element-b4f4af6\" data-id=\"b4f4af6\" data-element_type=\"column\" data-e-type=\"column\">\n\t\t\t<div class=\"elementor-widget-wrap elementor-element-populated\">\n\t\t\t\t\t\t<div class=\"elementor-element elementor-element-6f2bf8e elementor-widget elementor-widget-aux_modern_heading\" data-id=\"6f2bf8e\" data-element_type=\"widget\" data-e-type=\"widget\" data-widget_type=\"aux_modern_heading.default\">\n\t\t\t\t<div class=\"elementor-widget-container\">\n\t\t\t\t\t<section class=\"aux-widget-modern-heading\">\n            <div class=\"aux-widget-inner\"><h2 class=\"aux-modern-heading-primary\">Jean-Philippe RICHARD<\/h2><div class=\"aux-modern-heading-description\"><p>17 rue du G\u00e9n\u00e9ral de Gaulle<br \/>TEL : 04 75 27 14 91 - 06 81 91 60 05<\/p><\/div><\/div>\n        <\/section>\t\t\t\t<\/div>\n\t\t\t\t<\/div>\n\t\t\t\t\t<\/div>\n\t\t<\/div>\n\t\t\t\t\t<\/div>\n\t\t<\/section>\n\t\t\t\t<section class=\"elementor-section elementor-inner-section elementor-element elementor-element-ccaa82b elementor-section-boxed elementor-section-height-default elementor-section-height-default\" data-id=\"ccaa82b\" data-element_type=\"section\" data-e-type=\"section\">\n\t\t\t\t\t\t<div class=\"elementor-container elementor-column-gap-default\">\n\t\t\t\t\t<div class=\"aux-parallax-section elementor-column elementor-col-50 elementor-inner-column elementor-element elementor-element-a3c3cd2\" data-id=\"a3c3cd2\" data-element_type=\"column\" data-e-type=\"column\">\n\t\t\t<div class=\"elementor-widget-wrap elementor-element-populated\">\n\t\t\t\t\t\t<div class=\"elementor-element elementor-element-0bbee4c elementor-widget elementor-widget-aux_modern_heading\" data-id=\"0bbee4c\" data-element_type=\"widget\" data-e-type=\"widget\" data-widget_type=\"aux_modern_heading.default\">\n\t\t\t\t<div class=\"elementor-widget-container\">\n\t\t\t\t\t<section class=\"aux-widget-modern-heading\">\n            <div class=\"aux-widget-inner\"><h2 class=\"aux-modern-heading-primary\">BJT \u2013 Jocelyne et Bernard POUZET<\/h2><div class=\"aux-modern-heading-description\"><p class=\"chapo\">Quartier Josiol<br \/>T\u00e9l\u00a0: 04 75 27 12 79<\/p><\/div><\/div>\n        <\/section>\t\t\t\t<\/div>\n\t\t\t\t<\/div>\n\t\t\t\t\t<\/div>\n\t\t<\/div>\n\t\t\t\t<div class=\"aux-parallax-section elementor-column elementor-col-50 elementor-inner-column elementor-element elementor-element-d6f4eaf\" data-id=\"d6f4eaf\" data-element_type=\"column\" data-e-type=\"column\">\n\t\t\t<div class=\"elementor-widget-wrap\">\n\t\t\t\t\t\t\t<\/div>\n\t\t<\/div>\n\t\t\t\t\t<\/div>\n\t\t<\/section>\n\t\t\t\t\t<\/div>\n\t\t<\/div>\n\t\t\t\t\t<\/div>\n\t\t<\/section>\n\t\t\t\t<\/div>\n\t\t","protected":false},"excerpt":{"rendered":"<p>CULTURE &#8211; ARTISTES DE MIRABEL LA FONTAINE \u00c9cole de musique \u00ab\u00a0L&rsquo;\u00c9cho des Baronnies\u00a0\u00bb38 Avenue de la R\u00e9sistance GALERIE INSPIRATION 18 rue du G\u00e9n\u00e9ral De Gaulle Programme complet :\u00a0www.art-inspirations.fr Yann Eric EICHENBERGER Les Miallons T\u00e9l : 06 50 60 02 97 ACCUEIL \u00a0 Jean-Philippe RICHARD 17 rue du G\u00e9n\u00e9ral de GaulleTEL : 04 75 27 14 [&hellip;]<\/p>\n","protected":false},"author":1,"featured_media":0,"parent":1025,"menu_order":0,"comment_status":"closed","ping_status":"closed","template":"","meta":{"footnotes":""},"class_list":["post-1029","page","type-page","status-publish","hentry"],"yoast_head":"<!-- This site is optimized with the Yoast SEO plugin v27.3 - https:\/\/yoast.com\/product\/yoast-seo-wordpress\/ -->\n<title>Culture - Mirabel aux Baronnies<\/title>\n<meta name=\"robots\" content=\"noindex, follow\" \/>\n<meta property=\"og:locale\" content=\"fr_FR\" \/>\n<meta property=\"og:type\" content=\"article\" \/>\n<meta property=\"og:title\" content=\"Culture - Mirabel aux Baronnies\" \/>\n<meta property=\"og:description\" content=\"CULTURE &#8211; ARTISTES DE MIRABEL LA FONTAINE \u00c9cole de musique \u00ab\u00a0L&rsquo;\u00c9cho des Baronnies\u00a0\u00bb38 Avenue de la R\u00e9sistance GALERIE INSPIRATION 18 rue du G\u00e9n\u00e9ral De Gaulle Programme complet :\u00a0www.art-inspirations.fr Yann Eric EICHENBERGER Les Miallons T\u00e9l : 06 50 60 02 97 ACCUEIL \u00a0 Jean-Philippe RICHARD 17 rue du G\u00e9n\u00e9ral de GaulleTEL : 04 75 27 14 [&hellip;]\" \/>\n<meta property=\"og:url\" content=\"https:\/\/www.mirabel-aux-baronnies.fr\/s2\/vie-locale\/culture\/\" \/>\n<meta property=\"og:site_name\" content=\"Mirabel aux Baronnies\" \/>\n<meta property=\"article:publisher\" content=\"https:\/\/www.facebook.com\/mairiedemirabelauxbaronnies\/\" \/>\n<meta property=\"article:modified_time\" content=\"2023-12-04T10:21:26+00:00\" \/>\n<meta name=\"twitter:card\" content=\"summary_large_image\" \/>\n<meta name=\"twitter:label1\" content=\"Dur\u00e9e de lecture estim\u00e9e\" \/>\n\t<meta name=\"twitter:data1\" content=\"1 minute\" \/>\n<script type=\"application\/ld+json\" class=\"yoast-schema-graph\">{\"@context\":\"https:\\\/\\\/schema.org\",\"@graph\":[{\"@type\":\"WebPage\",\"@id\":\"https:\\\/\\\/www.mirabel-aux-baronnies.fr\\\/s2\\\/vie-locale\\\/culture\\\/\",\"url\":\"https:\\\/\\\/www.mirabel-aux-baronnies.fr\\\/s2\\\/vie-locale\\\/culture\\\/\",\"name\":\"Culture - Mirabel aux Baronnies\",\"isPartOf\":{\"@id\":\"https:\\\/\\\/www.mirabel-aux-baronnies.fr\\\/s2\\\/#website\"},\"datePublished\":\"2020-12-08T10:18:42+00:00\",\"dateModified\":\"2023-12-04T10:21:26+00:00\",\"breadcrumb\":{\"@id\":\"https:\\\/\\\/www.mirabel-aux-baronnies.fr\\\/s2\\\/vie-locale\\\/culture\\\/#breadcrumb\"},\"inLanguage\":\"fr-FR\",\"potentialAction\":[{\"@type\":\"ReadAction\",\"target\":[\"https:\\\/\\\/www.mirabel-aux-baronnies.fr\\\/s2\\\/vie-locale\\\/culture\\\/\"]}]},{\"@type\":\"BreadcrumbList\",\"@id\":\"https:\\\/\\\/www.mirabel-aux-baronnies.fr\\\/s2\\\/vie-locale\\\/culture\\\/#breadcrumb\",\"itemListElement\":[{\"@type\":\"ListItem\",\"position\":1,\"name\":\"Vie locale\",\"item\":\"https:\\\/\\\/www.mirabel-aux-baronnies.fr\\\/s2\\\/vie-locale\\\/\"},{\"@type\":\"ListItem\",\"position\":2,\"name\":\"Culture\"}]},{\"@type\":\"WebSite\",\"@id\":\"https:\\\/\\\/www.mirabel-aux-baronnies.fr\\\/s2\\\/#website\",\"url\":\"https:\\\/\\\/www.mirabel-aux-baronnies.fr\\\/s2\\\/\",\"name\":\"Mirabel aux Baronnies\",\"description\":\"Site officiel de la mairie de Mirabel-aux-Baronnies\",\"publisher\":{\"@id\":\"https:\\\/\\\/www.mirabel-aux-baronnies.fr\\\/s2\\\/#organization\"},\"alternateName\":\"Mirabel-aux-Baronnies\",\"potentialAction\":[{\"@type\":\"SearchAction\",\"target\":{\"@type\":\"EntryPoint\",\"urlTemplate\":\"https:\\\/\\\/www.mirabel-aux-baronnies.fr\\\/s2\\\/?s={search_term_string}\"},\"query-input\":{\"@type\":\"PropertyValueSpecification\",\"valueRequired\":true,\"valueName\":\"search_term_string\"}}],\"inLanguage\":\"fr-FR\"},{\"@type\":\"Organization\",\"@id\":\"https:\\\/\\\/www.mirabel-aux-baronnies.fr\\\/s2\\\/#organization\",\"name\":\"Mirabel aux Baronnies\",\"alternateName\":\"Mirabel-aux-Baronnies\",\"url\":\"https:\\\/\\\/www.mirabel-aux-baronnies.fr\\\/s2\\\/\",\"logo\":{\"@type\":\"ImageObject\",\"inLanguage\":\"fr-FR\",\"@id\":\"https:\\\/\\\/www.mirabel-aux-baronnies.fr\\\/s2\\\/#\\\/schema\\\/logo\\\/image\\\/\",\"url\":\"https:\\\/\\\/www.mirabel-aux-baronnies.fr\\\/s2\\\/wp-content\\\/uploads\\\/2024\\\/01\\\/mirabel11.jpg\",\"contentUrl\":\"https:\\\/\\\/www.mirabel-aux-baronnies.fr\\\/s2\\\/wp-content\\\/uploads\\\/2024\\\/01\\\/mirabel11.jpg\",\"width\":610,\"height\":374,\"caption\":\"Mirabel aux Baronnies\"},\"image\":{\"@id\":\"https:\\\/\\\/www.mirabel-aux-baronnies.fr\\\/s2\\\/#\\\/schema\\\/logo\\\/image\\\/\"},\"sameAs\":[\"https:\\\/\\\/www.facebook.com\\\/mairiedemirabelauxbaronnies\\\/\"]}]}<\/script>\n<!-- \/ Yoast SEO plugin. -->","yoast_head_json":{"title":"Culture - Mirabel aux Baronnies","robots":{"index":"noindex","follow":"follow"},"og_locale":"fr_FR","og_type":"article","og_title":"Culture - Mirabel aux Baronnies","og_description":"CULTURE &#8211; ARTISTES DE MIRABEL LA FONTAINE \u00c9cole de musique \u00ab\u00a0L&rsquo;\u00c9cho des Baronnies\u00a0\u00bb38 Avenue de la R\u00e9sistance GALERIE INSPIRATION 18 rue du G\u00e9n\u00e9ral De Gaulle Programme complet :\u00a0www.art-inspirations.fr Yann Eric EICHENBERGER Les Miallons T\u00e9l : 06 50 60 02 97 ACCUEIL \u00a0 Jean-Philippe RICHARD 17 rue du G\u00e9n\u00e9ral de GaulleTEL : 04 75 27 14 [&hellip;]","og_url":"https:\/\/www.mirabel-aux-baronnies.fr\/s2\/vie-locale\/culture\/","og_site_name":"Mirabel aux Baronnies","article_publisher":"https:\/\/www.facebook.com\/mairiedemirabelauxbaronnies\/","article_modified_time":"2023-12-04T10:21:26+00:00","twitter_card":"summary_large_image","twitter_misc":{"Dur\u00e9e de lecture estim\u00e9e":"1 minute"},"schema":{"@context":"https:\/\/schema.org","@graph":[{"@type":"WebPage","@id":"https:\/\/www.mirabel-aux-baronnies.fr\/s2\/vie-locale\/culture\/","url":"https:\/\/www.mirabel-aux-baronnies.fr\/s2\/vie-locale\/culture\/","name":"Culture - Mirabel aux Baronnies","isPartOf":{"@id":"https:\/\/www.mirabel-aux-baronnies.fr\/s2\/#website"},"datePublished":"2020-12-08T10:18:42+00:00","dateModified":"2023-12-04T10:21:26+00:00","breadcrumb":{"@id":"https:\/\/www.mirabel-aux-baronnies.fr\/s2\/vie-locale\/culture\/#breadcrumb"},"inLanguage":"fr-FR","potentialAction":[{"@type":"ReadAction","target":["https:\/\/www.mirabel-aux-baronnies.fr\/s2\/vie-locale\/culture\/"]}]},{"@type":"BreadcrumbList","@id":"https:\/\/www.mirabel-aux-baronnies.fr\/s2\/vie-locale\/culture\/#breadcrumb","itemListElement":[{"@type":"ListItem","position":1,"name":"Vie locale","item":"https:\/\/www.mirabel-aux-baronnies.fr\/s2\/vie-locale\/"},{"@type":"ListItem","position":2,"name":"Culture"}]},{"@type":"WebSite","@id":"https:\/\/www.mirabel-aux-baronnies.fr\/s2\/#website","url":"https:\/\/www.mirabel-aux-baronnies.fr\/s2\/","name":"Mirabel aux Baronnies","description":"Site officiel de la mairie de Mirabel-aux-Baronnies","publisher":{"@id":"https:\/\/www.mirabel-aux-baronnies.fr\/s2\/#organization"},"alternateName":"Mirabel-aux-Baronnies","potentialAction":[{"@type":"SearchAction","target":{"@type":"EntryPoint","urlTemplate":"https:\/\/www.mirabel-aux-baronnies.fr\/s2\/?s={search_term_string}"},"query-input":{"@type":"PropertyValueSpecification","valueRequired":true,"valueName":"search_term_string"}}],"inLanguage":"fr-FR"},{"@type":"Organization","@id":"https:\/\/www.mirabel-aux-baronnies.fr\/s2\/#organization","name":"Mirabel aux Baronnies","alternateName":"Mirabel-aux-Baronnies","url":"https:\/\/www.mirabel-aux-baronnies.fr\/s2\/","logo":{"@type":"ImageObject","inLanguage":"fr-FR","@id":"https:\/\/www.mirabel-aux-baronnies.fr\/s2\/#\/schema\/logo\/image\/","url":"https:\/\/www.mirabel-aux-baronnies.fr\/s2\/wp-content\/uploads\/2024\/01\/mirabel11.jpg","contentUrl":"https:\/\/www.mirabel-aux-baronnies.fr\/s2\/wp-content\/uploads\/2024\/01\/mirabel11.jpg","width":610,"height":374,"caption":"Mirabel aux Baronnies"},"image":{"@id":"https:\/\/www.mirabel-aux-baronnies.fr\/s2\/#\/schema\/logo\/image\/"},"sameAs":["https:\/\/www.facebook.com\/mairiedemirabelauxbaronnies\/"]}]}},"publishpress_future_action":{"enabled":false,"date":"2026-04-29 11:14:52","action":"change-status","newStatus":"draft","terms":[],"taxonomy":"","extraData":[]},"publishpress_future_workflow_manual_trigger":{"enabledWorkflows":[]},"rttpg_featured_image_url":null,"rttpg_author":{"display_name":"Marcio","author_link":"https:\/\/www.mirabel-aux-baronnies.fr\/s2\/author\/nl_marcio\/"},"rttpg_comment":0,"rttpg_category":null,"rttpg_excerpt":"CULTURE &#8211; ARTISTES DE MIRABEL LA FONTAINE \u00c9cole de musique \u00ab\u00a0L&rsquo;\u00c9cho des Baronnies\u00a0\u00bb38 Avenue de la R\u00e9sistance GALERIE INSPIRATION 18 rue du G\u00e9n\u00e9ral De Gaulle Programme complet :\u00a0www.art-inspirations.fr Yann Eric EICHENBERGER Les Miallons T\u00e9l : 06 50 60 02 97 ACCUEIL \u00a0 Jean-Philippe RICHARD 17 rue du G\u00e9n\u00e9ral de GaulleTEL : 04 75 27 14\u2026","_links":{"self":[{"href":"https:\/\/www.mirabel-aux-baronnies.fr\/s2\/wp-json\/wp\/v2\/pages\/1029","targetHints":{"allow":["GET"]}}],"collection":[{"href":"https:\/\/www.mirabel-aux-baronnies.fr\/s2\/wp-json\/wp\/v2\/pages"}],"about":[{"href":"https:\/\/www.mirabel-aux-baronnies.fr\/s2\/wp-json\/wp\/v2\/types\/page"}],"author":[{"embeddable":true,"href":"https:\/\/www.mirabel-aux-baronnies.fr\/s2\/wp-json\/wp\/v2\/users\/1"}],"replies":[{"embeddable":true,"href":"https:\/\/www.mirabel-aux-baronnies.fr\/s2\/wp-json\/wp\/v2\/comments?post=1029"}],"version-history":[{"count":16,"href":"https:\/\/www.mirabel-aux-baronnies.fr\/s2\/wp-json\/wp\/v2\/pages\/1029\/revisions"}],"predecessor-version":[{"id":6461,"href":"https:\/\/www.mirabel-aux-baronnies.fr\/s2\/wp-json\/wp\/v2\/pages\/1029\/revisions\/6461"}],"up":[{"embeddable":true,"href":"https:\/\/www.mirabel-aux-baronnies.fr\/s2\/wp-json\/wp\/v2\/pages\/1025"}],"wp:attachment":[{"href":"https:\/\/www.mirabel-aux-baronnies.fr\/s2\/wp-json\/wp\/v2\/media?parent=1029"}],"curies":[{"name":"wp","href":"https:\/\/api.w.org\/{rel}","templated":true}]}}