{"id":1556,"date":"2021-01-24T16:36:37","date_gmt":"2021-01-24T15:36:37","guid":{"rendered":"https:\/\/www.mirabel-aux-baronnies.fr\/s2\/?page_id=1556"},"modified":"2023-12-04T13:23:24","modified_gmt":"2023-12-04T12:23:24","slug":"guichet-virtuel","status":"publish","type":"page","link":"https:\/\/www.mirabel-aux-baronnies.fr\/s2\/la-mairie\/guichet-virtuel\/","title":{"rendered":"GUICHET VIRTUEL"},"content":{"rendered":"\t\t<div data-elementor-type=\"wp-page\" data-elementor-id=\"1556\" class=\"elementor elementor-1556\">\n\t\t\t\t\t\t<section class=\"elementor-section elementor-top-section elementor-element elementor-element-aa7028b elementor-section-boxed elementor-section-height-default elementor-section-height-default\" data-id=\"aa7028b\" data-element_type=\"section\" data-e-type=\"section\">\n\t\t\t\t\t\t<div class=\"elementor-container elementor-column-gap-default\">\n\t\t\t\t\t<div class=\"aux-parallax-section elementor-column elementor-col-100 elementor-top-column elementor-element elementor-element-bec3343\" data-id=\"bec3343\" data-element_type=\"column\" data-e-type=\"column\">\n\t\t\t<div class=\"elementor-widget-wrap elementor-element-populated\">\n\t\t\t\t\t\t<div class=\"elementor-element elementor-element-fdffdbd elementor-widget elementor-widget-aux_modern_heading\" data-id=\"fdffdbd\" data-element_type=\"widget\" data-e-type=\"widget\" data-widget_type=\"aux_modern_heading.default\">\n\t\t\t\t<div class=\"elementor-widget-container\">\n\t\t\t\t\t<section class=\"aux-widget-modern-heading\">\n            <div class=\"aux-widget-inner\"><h2 class=\"aux-modern-heading-primary\">La mairie - GUICHET VIRTUEL<\/h2><\/div>\n        <\/section>\t\t\t\t<\/div>\n\t\t\t\t<\/div>\n\t\t\t\t<div class=\"elementor-element elementor-element-dd81c4c elementor-widget-divider--view-line elementor-widget elementor-widget-divider\" data-id=\"dd81c4c\" data-element_type=\"widget\" data-e-type=\"widget\" data-widget_type=\"divider.default\">\n\t\t\t\t<div class=\"elementor-widget-container\">\n\t\t\t\t\t\t\t<div class=\"elementor-divider\">\n\t\t\t<span class=\"elementor-divider-separator\">\n\t\t\t\t\t\t<\/span>\n\t\t<\/div>\n\t\t\t\t\t\t<\/div>\n\t\t\t\t<\/div>\n\t\t\t\t<section class=\"elementor-section elementor-inner-section elementor-element elementor-element-ec7735b elementor-section-boxed elementor-section-height-default elementor-section-height-default\" data-id=\"ec7735b\" data-element_type=\"section\" data-e-type=\"section\">\n\t\t\t\t\t\t<div class=\"elementor-container elementor-column-gap-default\">\n\t\t\t\t\t<div class=\"aux-parallax-section elementor-column elementor-col-100 elementor-inner-column elementor-element elementor-element-d5f3215\" data-id=\"d5f3215\" data-element_type=\"column\" data-e-type=\"column\">\n\t\t\t<div class=\"elementor-widget-wrap elementor-element-populated\">\n\t\t\t\t\t\t<div class=\"elementor-element elementor-element-3375f88 elementor-widget elementor-widget-aux_modern_heading\" data-id=\"3375f88\" data-element_type=\"widget\" data-e-type=\"widget\" data-widget_type=\"aux_modern_heading.default\">\n\t\t\t\t<div class=\"elementor-widget-container\">\n\t\t\t\t\t<section class=\"aux-widget-modern-heading\">\n            <div class=\"aux-widget-inner\"><h2 class=\"aux-modern-heading-primary\">O\u00f9 dormir :<\/h2><div class=\"aux-modern-heading-description\"><p><a href=\"https:\/\/www.paysdenyons.com\/fr\/hebergements\/liste\/\">www.paysdenyons.com<\/a><\/p><\/div><\/div>\n        <\/section>\t\t\t\t<\/div>\n\t\t\t\t<\/div>\n\t\t\t\t<div class=\"elementor-element elementor-element-de6d1de elementor-widget elementor-widget-aux_modern_heading\" data-id=\"de6d1de\" data-element_type=\"widget\" data-e-type=\"widget\" data-widget_type=\"aux_modern_heading.default\">\n\t\t\t\t<div class=\"elementor-widget-container\">\n\t\t\t\t\t<section class=\"aux-widget-modern-heading\">\n            <div class=\"aux-widget-inner\"><h2 class=\"aux-modern-heading-primary\">Service de l\u2019eau :<\/h2><div class=\"aux-modern-heading-description\"><p>SIVU DU RIEU<br \/>21 rue du G\u00e9n\u00e9ral de Gaulle \u2013 26110 Mirabel-aux-Baronnies<br \/>Tel : 04.75.26.86.84 (bureau et urgence)<br \/>Courriel :\u00a0<span id=\"cloak66259\"><a href=\"mailto:sivudurieu.exploitation@orange.fr\">sivudurieu.exploitation@orange.fr<\/a><\/span><\/p><\/div><\/div>\n        <\/section>\t\t\t\t<\/div>\n\t\t\t\t<\/div>\n\t\t\t\t<div class=\"elementor-element elementor-element-60e291b elementor-widget elementor-widget-aux_modern_heading\" data-id=\"60e291b\" data-element_type=\"widget\" data-e-type=\"widget\" data-widget_type=\"aux_modern_heading.default\">\n\t\t\t\t<div class=\"elementor-widget-container\">\n\t\t\t\t\t<section class=\"aux-widget-modern-heading\">\n            <div class=\"aux-widget-inner\"><h2 class=\"aux-modern-heading-primary\">Guichet unique :<\/h2><div class=\"aux-modern-heading-description\"><p><strong>Pr\u00e9fecture<\/strong>\u00a0de la Dr\u00f4me :<a href=\"http:\/\/%20www.drome.gouv.fr\/\">\u00a0www.drome.gouv.fr<\/a><br \/>3 bd Vauban- 26030 Valence cedex 9 \u2013 tel: 04.75.79.28.00<\/p><p><strong>Sous-Pr\u00e9fecture<\/strong>\u00a0Nyons : 4 avenue de Venterol 26110 Nyons- tel : 04.75.26.20.33<br \/>Courriel :\u00a0<span id=\"cloak94541\"><\/span><a href=\"mailto:sp-nyons@drome.fr\">sp-nyons@drome.fr<\/a><\/p><\/div><\/div>\n        <\/section>\t\t\t\t<\/div>\n\t\t\t\t<\/div>\n\t\t\t\t<div class=\"elementor-element elementor-element-87cd800 elementor-widget elementor-widget-aux_modern_heading\" data-id=\"87cd800\" data-element_type=\"widget\" data-e-type=\"widget\" data-widget_type=\"aux_modern_heading.default\">\n\t\t\t\t<div class=\"elementor-widget-container\">\n\t\t\t\t\t<section class=\"aux-widget-modern-heading\">\n            <div class=\"aux-widget-inner\"><h2 class=\"aux-modern-heading-primary\">Mairie de Mirabel-aux-Baronnies :\n\n\n\n\n\n\n\n\n\n\n\n\n\n\n\n\n\n\n\n\n\n\n\n\n\n\n\n\n\n\n\n\n\n\n\n\n\n\n\n<\/h2><div class=\"aux-modern-heading-description\"><p>accueil@mirabel-aux-baronnies.fr<\/p><\/div><\/div>\n        <\/section>\t\t\t\t<\/div>\n\t\t\t\t<\/div>\n\t\t\t\t<div class=\"elementor-element elementor-element-ee3cbd3 elementor-widget elementor-widget-aux_modern_heading\" data-id=\"ee3cbd3\" data-element_type=\"widget\" data-e-type=\"widget\" data-widget_type=\"aux_modern_heading.default\">\n\t\t\t\t<div class=\"elementor-widget-container\">\n\t\t\t\t\t<section class=\"aux-widget-modern-heading\">\n            <div class=\"aux-widget-inner\"><h2 class=\"aux-modern-heading-primary\">Tous les codes en vigueur : code civil, code des communes, code de l\u2019urbanisme, code de la voirie,\ncode du travail, code de la s\u00e9curit\u00e9 sociale, code de la sant\u00e9, etc.<\/h2><div class=\"aux-modern-heading-description\"><p>http:\/\/legifrance.gouv.fr<\/p><\/div><\/div>\n        <\/section>\t\t\t\t<\/div>\n\t\t\t\t<\/div>\n\t\t\t\t<div class=\"elementor-element elementor-element-117a233 elementor-widget elementor-widget-aux_modern_heading\" data-id=\"117a233\" data-element_type=\"widget\" data-e-type=\"widget\" data-widget_type=\"aux_modern_heading.default\">\n\t\t\t\t<div class=\"elementor-widget-container\">\n\t\t\t\t\t<section class=\"aux-widget-modern-heading\">\n            <div class=\"aux-widget-inner\"><h2 class=\"aux-modern-heading-primary\">Consultation du cadastre :<\/h2><div class=\"aux-modern-heading-description\"><p>https:\/\/www.cadastre.gouv.fr\/scpc\/accueil.do<\/p><\/div><\/div>\n        <\/section>\t\t\t\t<\/div>\n\t\t\t\t<\/div>\n\t\t\t\t<div class=\"elementor-element elementor-element-ae007c7 elementor-widget elementor-widget-aux_modern_heading\" data-id=\"ae007c7\" data-element_type=\"widget\" data-e-type=\"widget\" data-widget_type=\"aux_modern_heading.default\">\n\t\t\t\t<div class=\"elementor-widget-container\">\n\t\t\t\t\t<section class=\"aux-widget-modern-heading\">\n            <div class=\"aux-widget-inner\"><h2 class=\"aux-modern-heading-primary\">Le portail des territoires et des Citoyens :<\/h2><div class=\"aux-modern-heading-description\"><p>photographies a\u00e9riennes, bases de donn\u00e9es, parcelles cadastrales, cartes IGN, etc.<br \/><a href=\"http:\/\/www.geoportail.gouv.fr\/accueil\">http:\/\/www.geoportail.gouv.fr\/accueil<\/a><\/p><\/div><\/div>\n        <\/section>\t\t\t\t<\/div>\n\t\t\t\t<\/div>\n\t\t\t\t<div class=\"elementor-element elementor-element-4b4ceb8 elementor-widget elementor-widget-aux_modern_heading\" data-id=\"4b4ceb8\" data-element_type=\"widget\" data-e-type=\"widget\" data-widget_type=\"aux_modern_heading.default\">\n\t\t\t\t<div class=\"elementor-widget-container\">\n\t\t\t\t\t<section class=\"aux-widget-modern-heading\">\n            <div class=\"aux-widget-inner\"><h2 class=\"aux-modern-heading-primary\">Vos imp\u00f4ts :<\/h2><div class=\"aux-modern-heading-description\"><p>http:\/\/www.impots.gouv.fr\/portal\/static\/<\/p><\/div><\/div>\n        <\/section>\t\t\t\t<\/div>\n\t\t\t\t<\/div>\n\t\t\t\t<div class=\"elementor-element elementor-element-120521a elementor-widget elementor-widget-aux_modern_heading\" data-id=\"120521a\" data-element_type=\"widget\" data-e-type=\"widget\" data-widget_type=\"aux_modern_heading.default\">\n\t\t\t\t<div class=\"elementor-widget-container\">\n\t\t\t\t\t<section class=\"aux-widget-modern-heading\">\n            <div class=\"aux-widget-inner\"><h2 class=\"aux-modern-heading-primary\">Journal Officiel de la R\u00e9publique Fran\u00e7aise :<\/h2><div class=\"aux-modern-heading-description\"><p>https:\/\/www.journal-officiel.gouv.fr\/user.php<\/p><\/div><\/div>\n        <\/section>\t\t\t\t<\/div>\n\t\t\t\t<\/div>\n\t\t\t\t<div class=\"elementor-element elementor-element-6f4d166 elementor-widget elementor-widget-aux_modern_heading\" data-id=\"6f4d166\" data-element_type=\"widget\" data-e-type=\"widget\" data-widget_type=\"aux_modern_heading.default\">\n\t\t\t\t<div class=\"elementor-widget-container\">\n\t\t\t\t\t<section class=\"aux-widget-modern-heading\">\n            <div class=\"aux-widget-inner\"><h2 class=\"aux-modern-heading-primary\">S\u00e9nat :<\/h2><div class=\"aux-modern-heading-description\"><p>http:\/\/www.senat.fr\/<\/p><\/div><\/div>\n        <\/section>\t\t\t\t<\/div>\n\t\t\t\t<\/div>\n\t\t\t\t<div class=\"elementor-element elementor-element-524c204 elementor-widget elementor-widget-aux_modern_heading\" data-id=\"524c204\" data-element_type=\"widget\" data-e-type=\"widget\" data-widget_type=\"aux_modern_heading.default\">\n\t\t\t\t<div class=\"elementor-widget-container\">\n\t\t\t\t\t<section class=\"aux-widget-modern-heading\">\n            <div class=\"aux-widget-inner\"><h2 class=\"aux-modern-heading-primary\">Assembl\u00e9e Nationale :<\/h2><div class=\"aux-modern-heading-description\"><p>http:\/\/www.assemblee-nationale.fr\/<\/p><\/div><\/div>\n        <\/section>\t\t\t\t<\/div>\n\t\t\t\t<\/div>\n\t\t\t\t<div class=\"elementor-element elementor-element-988fc95 elementor-widget elementor-widget-aux_modern_heading\" data-id=\"988fc95\" data-element_type=\"widget\" data-e-type=\"widget\" data-widget_type=\"aux_modern_heading.default\">\n\t\t\t\t<div class=\"elementor-widget-container\">\n\t\t\t\t\t<section class=\"aux-widget-modern-heading\">\n            <div class=\"aux-widget-inner\"><h2 class=\"aux-modern-heading-primary\">Conseil D\u00e9partemental de la Dr\u00f4me :<\/h2><div class=\"aux-modern-heading-description\"><p>http:\/\/www.ladrome.fr\/<\/p><\/div><\/div>\n        <\/section>\t\t\t\t<\/div>\n\t\t\t\t<\/div>\n\t\t\t\t<div class=\"elementor-element elementor-element-dffeaad elementor-widget elementor-widget-aux_modern_heading\" data-id=\"dffeaad\" data-element_type=\"widget\" data-e-type=\"widget\" data-widget_type=\"aux_modern_heading.default\">\n\t\t\t\t<div class=\"elementor-widget-container\">\n\t\t\t\t\t<section class=\"aux-widget-modern-heading\">\n            <div class=\"aux-widget-inner\"><h2 class=\"aux-modern-heading-primary\">R\u00e9gion :<\/h2><div class=\"aux-modern-heading-description\"><p>http:\/\/www.rhonealpes.fr\/<\/p><\/div><\/div>\n        <\/section>\t\t\t\t<\/div>\n\t\t\t\t<\/div>\n\t\t\t\t\t<\/div>\n\t\t<\/div>\n\t\t\t\t\t<\/div>\n\t\t<\/section>\n\t\t\t\t\t<\/div>\n\t\t<\/div>\n\t\t\t\t\t<\/div>\n\t\t<\/section>\n\t\t\t\t<\/div>\n\t\t","protected":false},"excerpt":{"rendered":"<p>La mairie &#8211; GUICHET VIRTUEL O\u00f9 dormir : www.paysdenyons.com Service de l\u2019eau : SIVU DU RIEU21 rue du G\u00e9n\u00e9ral de Gaulle \u2013 26110 Mirabel-aux-BaronniesTel : 04.75.26.86.84 (bureau et urgence)Courriel :\u00a0sivudurieu.exploitation@orange.fr Guichet unique : Pr\u00e9fecture\u00a0de la Dr\u00f4me :\u00a0www.drome.gouv.fr3 bd Vauban- 26030 Valence cedex 9 \u2013 tel: 04.75.79.28.00 Sous-Pr\u00e9fecture\u00a0Nyons : 4 avenue de Venterol 26110 Nyons- tel [&hellip;]<\/p>\n","protected":false},"author":1,"featured_media":0,"parent":1014,"menu_order":0,"comment_status":"closed","ping_status":"closed","template":"","meta":{"footnotes":""},"class_list":["post-1556","page","type-page","status-publish","hentry"],"yoast_head":"<!-- This site is optimized with the Yoast SEO plugin v27.3 - https:\/\/yoast.com\/product\/yoast-seo-wordpress\/ -->\n<title>GUICHET VIRTUEL - Mirabel aux Baronnies<\/title>\n<meta name=\"robots\" content=\"noindex, follow\" \/>\n<meta property=\"og:locale\" content=\"fr_FR\" \/>\n<meta property=\"og:type\" content=\"article\" \/>\n<meta property=\"og:title\" content=\"GUICHET VIRTUEL - Mirabel aux Baronnies\" \/>\n<meta property=\"og:description\" content=\"La mairie &#8211; GUICHET VIRTUEL O\u00f9 dormir : www.paysdenyons.com Service de l\u2019eau : SIVU DU RIEU21 rue du G\u00e9n\u00e9ral de Gaulle \u2013 26110 Mirabel-aux-BaronniesTel : 04.75.26.86.84 (bureau et urgence)Courriel :\u00a0sivudurieu.exploitation@orange.fr Guichet unique : Pr\u00e9fecture\u00a0de la Dr\u00f4me :\u00a0www.drome.gouv.fr3 bd Vauban- 26030 Valence cedex 9 \u2013 tel: 04.75.79.28.00 Sous-Pr\u00e9fecture\u00a0Nyons : 4 avenue de Venterol 26110 Nyons- tel [&hellip;]\" \/>\n<meta property=\"og:url\" content=\"https:\/\/www.mirabel-aux-baronnies.fr\/s2\/la-mairie\/guichet-virtuel\/\" \/>\n<meta property=\"og:site_name\" content=\"Mirabel aux Baronnies\" \/>\n<meta property=\"article:publisher\" content=\"https:\/\/www.facebook.com\/mairiedemirabelauxbaronnies\/\" \/>\n<meta property=\"article:modified_time\" content=\"2023-12-04T12:23:24+00:00\" \/>\n<meta name=\"twitter:card\" content=\"summary_large_image\" \/>\n<meta name=\"twitter:label1\" content=\"Dur\u00e9e de lecture estim\u00e9e\" \/>\n\t<meta name=\"twitter:data1\" content=\"1 minute\" \/>\n<script type=\"application\/ld+json\" class=\"yoast-schema-graph\">{\"@context\":\"https:\\\/\\\/schema.org\",\"@graph\":[{\"@type\":\"WebPage\",\"@id\":\"https:\\\/\\\/www.mirabel-aux-baronnies.fr\\\/s2\\\/la-mairie\\\/guichet-virtuel\\\/\",\"url\":\"https:\\\/\\\/www.mirabel-aux-baronnies.fr\\\/s2\\\/la-mairie\\\/guichet-virtuel\\\/\",\"name\":\"GUICHET VIRTUEL - Mirabel aux Baronnies\",\"isPartOf\":{\"@id\":\"https:\\\/\\\/www.mirabel-aux-baronnies.fr\\\/s2\\\/#website\"},\"datePublished\":\"2021-01-24T15:36:37+00:00\",\"dateModified\":\"2023-12-04T12:23:24+00:00\",\"breadcrumb\":{\"@id\":\"https:\\\/\\\/www.mirabel-aux-baronnies.fr\\\/s2\\\/la-mairie\\\/guichet-virtuel\\\/#breadcrumb\"},\"inLanguage\":\"fr-FR\",\"potentialAction\":[{\"@type\":\"ReadAction\",\"target\":[\"https:\\\/\\\/www.mirabel-aux-baronnies.fr\\\/s2\\\/la-mairie\\\/guichet-virtuel\\\/\"]}]},{\"@type\":\"BreadcrumbList\",\"@id\":\"https:\\\/\\\/www.mirabel-aux-baronnies.fr\\\/s2\\\/la-mairie\\\/guichet-virtuel\\\/#breadcrumb\",\"itemListElement\":[{\"@type\":\"ListItem\",\"position\":1,\"name\":\"La Mairie\",\"item\":\"https:\\\/\\\/www.mirabel-aux-baronnies.fr\\\/s2\\\/la-mairie\\\/\"},{\"@type\":\"ListItem\",\"position\":2,\"name\":\"GUICHET VIRTUEL\"}]},{\"@type\":\"WebSite\",\"@id\":\"https:\\\/\\\/www.mirabel-aux-baronnies.fr\\\/s2\\\/#website\",\"url\":\"https:\\\/\\\/www.mirabel-aux-baronnies.fr\\\/s2\\\/\",\"name\":\"Mirabel aux Baronnies\",\"description\":\"Site officiel de la mairie de Mirabel-aux-Baronnies\",\"publisher\":{\"@id\":\"https:\\\/\\\/www.mirabel-aux-baronnies.fr\\\/s2\\\/#organization\"},\"alternateName\":\"Mirabel-aux-Baronnies\",\"potentialAction\":[{\"@type\":\"SearchAction\",\"target\":{\"@type\":\"EntryPoint\",\"urlTemplate\":\"https:\\\/\\\/www.mirabel-aux-baronnies.fr\\\/s2\\\/?s={search_term_string}\"},\"query-input\":{\"@type\":\"PropertyValueSpecification\",\"valueRequired\":true,\"valueName\":\"search_term_string\"}}],\"inLanguage\":\"fr-FR\"},{\"@type\":\"Organization\",\"@id\":\"https:\\\/\\\/www.mirabel-aux-baronnies.fr\\\/s2\\\/#organization\",\"name\":\"Mirabel aux Baronnies\",\"alternateName\":\"Mirabel-aux-Baronnies\",\"url\":\"https:\\\/\\\/www.mirabel-aux-baronnies.fr\\\/s2\\\/\",\"logo\":{\"@type\":\"ImageObject\",\"inLanguage\":\"fr-FR\",\"@id\":\"https:\\\/\\\/www.mirabel-aux-baronnies.fr\\\/s2\\\/#\\\/schema\\\/logo\\\/image\\\/\",\"url\":\"https:\\\/\\\/www.mirabel-aux-baronnies.fr\\\/s2\\\/wp-content\\\/uploads\\\/2024\\\/01\\\/mirabel11.jpg\",\"contentUrl\":\"https:\\\/\\\/www.mirabel-aux-baronnies.fr\\\/s2\\\/wp-content\\\/uploads\\\/2024\\\/01\\\/mirabel11.jpg\",\"width\":610,\"height\":374,\"caption\":\"Mirabel aux Baronnies\"},\"image\":{\"@id\":\"https:\\\/\\\/www.mirabel-aux-baronnies.fr\\\/s2\\\/#\\\/schema\\\/logo\\\/image\\\/\"},\"sameAs\":[\"https:\\\/\\\/www.facebook.com\\\/mairiedemirabelauxbaronnies\\\/\"]}]}<\/script>\n<!-- \/ Yoast SEO plugin. -->","yoast_head_json":{"title":"GUICHET VIRTUEL - Mirabel aux Baronnies","robots":{"index":"noindex","follow":"follow"},"og_locale":"fr_FR","og_type":"article","og_title":"GUICHET VIRTUEL - Mirabel aux Baronnies","og_description":"La mairie &#8211; GUICHET VIRTUEL O\u00f9 dormir : www.paysdenyons.com Service de l\u2019eau : SIVU DU RIEU21 rue du G\u00e9n\u00e9ral de Gaulle \u2013 26110 Mirabel-aux-BaronniesTel : 04.75.26.86.84 (bureau et urgence)Courriel :\u00a0sivudurieu.exploitation@orange.fr Guichet unique : Pr\u00e9fecture\u00a0de la Dr\u00f4me :\u00a0www.drome.gouv.fr3 bd Vauban- 26030 Valence cedex 9 \u2013 tel: 04.75.79.28.00 Sous-Pr\u00e9fecture\u00a0Nyons : 4 avenue de Venterol 26110 Nyons- tel [&hellip;]","og_url":"https:\/\/www.mirabel-aux-baronnies.fr\/s2\/la-mairie\/guichet-virtuel\/","og_site_name":"Mirabel aux Baronnies","article_publisher":"https:\/\/www.facebook.com\/mairiedemirabelauxbaronnies\/","article_modified_time":"2023-12-04T12:23:24+00:00","twitter_card":"summary_large_image","twitter_misc":{"Dur\u00e9e de lecture estim\u00e9e":"1 minute"},"schema":{"@context":"https:\/\/schema.org","@graph":[{"@type":"WebPage","@id":"https:\/\/www.mirabel-aux-baronnies.fr\/s2\/la-mairie\/guichet-virtuel\/","url":"https:\/\/www.mirabel-aux-baronnies.fr\/s2\/la-mairie\/guichet-virtuel\/","name":"GUICHET VIRTUEL - Mirabel aux Baronnies","isPartOf":{"@id":"https:\/\/www.mirabel-aux-baronnies.fr\/s2\/#website"},"datePublished":"2021-01-24T15:36:37+00:00","dateModified":"2023-12-04T12:23:24+00:00","breadcrumb":{"@id":"https:\/\/www.mirabel-aux-baronnies.fr\/s2\/la-mairie\/guichet-virtuel\/#breadcrumb"},"inLanguage":"fr-FR","potentialAction":[{"@type":"ReadAction","target":["https:\/\/www.mirabel-aux-baronnies.fr\/s2\/la-mairie\/guichet-virtuel\/"]}]},{"@type":"BreadcrumbList","@id":"https:\/\/www.mirabel-aux-baronnies.fr\/s2\/la-mairie\/guichet-virtuel\/#breadcrumb","itemListElement":[{"@type":"ListItem","position":1,"name":"La Mairie","item":"https:\/\/www.mirabel-aux-baronnies.fr\/s2\/la-mairie\/"},{"@type":"ListItem","position":2,"name":"GUICHET VIRTUEL"}]},{"@type":"WebSite","@id":"https:\/\/www.mirabel-aux-baronnies.fr\/s2\/#website","url":"https:\/\/www.mirabel-aux-baronnies.fr\/s2\/","name":"Mirabel aux Baronnies","description":"Site officiel de la mairie de Mirabel-aux-Baronnies","publisher":{"@id":"https:\/\/www.mirabel-aux-baronnies.fr\/s2\/#organization"},"alternateName":"Mirabel-aux-Baronnies","potentialAction":[{"@type":"SearchAction","target":{"@type":"EntryPoint","urlTemplate":"https:\/\/www.mirabel-aux-baronnies.fr\/s2\/?s={search_term_string}"},"query-input":{"@type":"PropertyValueSpecification","valueRequired":true,"valueName":"search_term_string"}}],"inLanguage":"fr-FR"},{"@type":"Organization","@id":"https:\/\/www.mirabel-aux-baronnies.fr\/s2\/#organization","name":"Mirabel aux Baronnies","alternateName":"Mirabel-aux-Baronnies","url":"https:\/\/www.mirabel-aux-baronnies.fr\/s2\/","logo":{"@type":"ImageObject","inLanguage":"fr-FR","@id":"https:\/\/www.mirabel-aux-baronnies.fr\/s2\/#\/schema\/logo\/image\/","url":"https:\/\/www.mirabel-aux-baronnies.fr\/s2\/wp-content\/uploads\/2024\/01\/mirabel11.jpg","contentUrl":"https:\/\/www.mirabel-aux-baronnies.fr\/s2\/wp-content\/uploads\/2024\/01\/mirabel11.jpg","width":610,"height":374,"caption":"Mirabel aux Baronnies"},"image":{"@id":"https:\/\/www.mirabel-aux-baronnies.fr\/s2\/#\/schema\/logo\/image\/"},"sameAs":["https:\/\/www.facebook.com\/mairiedemirabelauxbaronnies\/"]}]}},"publishpress_future_action":{"enabled":false,"date":"2026-04-27 15:08:32","action":"change-status","newStatus":"draft","terms":[],"taxonomy":"","extraData":[]},"publishpress_future_workflow_manual_trigger":{"enabledWorkflows":[]},"rttpg_featured_image_url":null,"rttpg_author":{"display_name":"Marcio","author_link":"https:\/\/www.mirabel-aux-baronnies.fr\/s2\/author\/nl_marcio\/"},"rttpg_comment":0,"rttpg_category":null,"rttpg_excerpt":"La mairie &#8211; GUICHET VIRTUEL O\u00f9 dormir : www.paysdenyons.com Service de l\u2019eau : SIVU DU RIEU21 rue du G\u00e9n\u00e9ral de Gaulle \u2013 26110 Mirabel-aux-BaronniesTel : 04.75.26.86.84 (bureau et urgence)Courriel :\u00a0sivudurieu.exploitation@orange.fr Guichet unique : Pr\u00e9fecture\u00a0de la Dr\u00f4me :\u00a0www.drome.gouv.fr3 bd Vauban- 26030 Valence cedex 9 \u2013 tel: 04.75.79.28.00 Sous-Pr\u00e9fecture\u00a0Nyons : 4 avenue de Venterol 26110 Nyons- tel\u2026","_links":{"self":[{"href":"https:\/\/www.mirabel-aux-baronnies.fr\/s2\/wp-json\/wp\/v2\/pages\/1556","targetHints":{"allow":["GET"]}}],"collection":[{"href":"https:\/\/www.mirabel-aux-baronnies.fr\/s2\/wp-json\/wp\/v2\/pages"}],"about":[{"href":"https:\/\/www.mirabel-aux-baronnies.fr\/s2\/wp-json\/wp\/v2\/types\/page"}],"author":[{"embeddable":true,"href":"https:\/\/www.mirabel-aux-baronnies.fr\/s2\/wp-json\/wp\/v2\/users\/1"}],"replies":[{"embeddable":true,"href":"https:\/\/www.mirabel-aux-baronnies.fr\/s2\/wp-json\/wp\/v2\/comments?post=1556"}],"version-history":[{"count":13,"href":"https:\/\/www.mirabel-aux-baronnies.fr\/s2\/wp-json\/wp\/v2\/pages\/1556\/revisions"}],"predecessor-version":[{"id":6518,"href":"https:\/\/www.mirabel-aux-baronnies.fr\/s2\/wp-json\/wp\/v2\/pages\/1556\/revisions\/6518"}],"up":[{"embeddable":true,"href":"https:\/\/www.mirabel-aux-baronnies.fr\/s2\/wp-json\/wp\/v2\/pages\/1014"}],"wp:attachment":[{"href":"https:\/\/www.mirabel-aux-baronnies.fr\/s2\/wp-json\/wp\/v2\/media?parent=1556"}],"curies":[{"name":"wp","href":"https:\/\/api.w.org\/{rel}","templated":true}]}}