{"id":1583,"date":"2021-01-24T16:56:07","date_gmt":"2021-01-24T15:56:07","guid":{"rendered":"https:\/\/www.mirabel-aux-baronnies.fr\/s2\/?page_id=1583"},"modified":"2024-06-03T09:59:09","modified_gmt":"2024-06-03T07:59:09","slug":"histoire-de-mirabel","status":"publish","type":"page","link":"https:\/\/www.mirabel-aux-baronnies.fr\/s2\/histoire-de-mirabel\/","title":{"rendered":"D\u00e9couvrir"},"content":{"rendered":"\t\t<div data-elementor-type=\"wp-page\" data-elementor-id=\"1583\" class=\"elementor elementor-1583\">\n\t\t\t\t\t\t<section class=\"elementor-section elementor-top-section elementor-element elementor-element-aa7028b elementor-section-boxed elementor-section-height-default elementor-section-height-default\" data-id=\"aa7028b\" data-element_type=\"section\" data-e-type=\"section\">\n\t\t\t\t\t\t<div class=\"elementor-container elementor-column-gap-default\">\n\t\t\t\t\t<div class=\"aux-parallax-section elementor-column elementor-col-100 elementor-top-column elementor-element elementor-element-bec3343\" data-id=\"bec3343\" data-element_type=\"column\" data-e-type=\"column\">\n\t\t\t<div class=\"elementor-widget-wrap elementor-element-populated\">\n\t\t\t\t\t\t<div class=\"elementor-element elementor-element-fdffdbd elementor-widget elementor-widget-aux_modern_heading\" data-id=\"fdffdbd\" data-element_type=\"widget\" data-e-type=\"widget\" data-widget_type=\"aux_modern_heading.default\">\n\t\t\t\t<div class=\"elementor-widget-container\">\n\t\t\t\t\t<section class=\"aux-widget-modern-heading\">\n            <div class=\"aux-widget-inner\"><h2 class=\"aux-modern-heading-primary\">D\u00e9couvrir - HISTOIRE DE MIRABEL<\/h2><\/div>\n        <\/section>\t\t\t\t<\/div>\n\t\t\t\t<\/div>\n\t\t\t\t<div class=\"elementor-element elementor-element-dd81c4c elementor-widget-divider--view-line elementor-widget elementor-widget-divider\" data-id=\"dd81c4c\" data-element_type=\"widget\" data-e-type=\"widget\" data-widget_type=\"divider.default\">\n\t\t\t\t<div class=\"elementor-widget-container\">\n\t\t\t\t\t\t\t<div class=\"elementor-divider\">\n\t\t\t<span class=\"elementor-divider-separator\">\n\t\t\t\t\t\t<\/span>\n\t\t<\/div>\n\t\t\t\t\t\t<\/div>\n\t\t\t\t<\/div>\n\t\t\t\t<div class=\"elementor-element elementor-element-13f4c2f elementor-widget elementor-widget-aux_modern_heading\" data-id=\"13f4c2f\" data-element_type=\"widget\" data-e-type=\"widget\" data-widget_type=\"aux_modern_heading.default\">\n\t\t\t\t<div class=\"elementor-widget-container\">\n\t\t\t\t\t<section class=\"aux-widget-modern-heading\">\n            <div class=\"aux-widget-inner\"><h2 class=\"aux-modern-heading-primary\">Pr\u00e9sentation<\/h2><div class=\"aux-modern-heading-description\"><p>Mirabel-aux-Baronnies est une commune au sud du d\u00e9partement de la Dr\u00f4me, en r\u00e9gion Rh\u00f4ne-Alpes-Auvergne. Construit sur une butte, autour de son \u00e9glise, le village, r\u00e9put\u00e9 pour ses olives et la beaut\u00e9 de ses paysages, b\u00e9n\u00e9ficie d\u2019un microclimat exceptionnel...<\/p><\/div><\/div>\n        <\/section>\t\t\t\t<\/div>\n\t\t\t\t<\/div>\n\t\t\t\t<section class=\"elementor-section elementor-inner-section elementor-element elementor-element-ec7735b elementor-section-boxed elementor-section-height-default elementor-section-height-default\" data-id=\"ec7735b\" data-element_type=\"section\" data-e-type=\"section\">\n\t\t\t\t\t\t<div class=\"elementor-container elementor-column-gap-default\">\n\t\t\t\t\t<div class=\"aux-parallax-section elementor-column elementor-col-50 elementor-inner-column elementor-element elementor-element-d5f3215\" data-id=\"d5f3215\" data-element_type=\"column\" data-e-type=\"column\">\n\t\t\t<div class=\"elementor-widget-wrap elementor-element-populated\">\n\t\t\t\t\t\t<div class=\"elementor-element elementor-element-3375f88 elementor-widget elementor-widget-aux_modern_heading\" data-id=\"3375f88\" data-element_type=\"widget\" data-e-type=\"widget\" data-widget_type=\"aux_modern_heading.default\">\n\t\t\t\t<div class=\"elementor-widget-container\">\n\t\t\t\t\t<section class=\"aux-widget-modern-heading\">\n            <div class=\"aux-widget-inner\"><h2 class=\"aux-modern-heading-primary\">Origine<\/h2><div class=\"aux-modern-heading-description\"><p>Le Village est connu depuis 1059 comme Mirabello Castello.<br \/>Mirabel est l\u2019ancienne capitale de la tribu voconcienne des Gaudenses.<br \/>D\u2019apr\u00e8s une l\u00e9gende, le village doit son nom \u00e0 une tour merveilleuse appel\u00e9e Mirabellis, du haut de laquelle on apercevait Orange dans le Vaucluse.<\/p><p>\u00a0<\/p><p>1509\u00a0: Mirabello Castello<br \/>1790-1800\u00a0: chef-lieu de canton<br \/>1876\u00a0: construction du premier r\u00e9seau\u00a0 d\u2019eau potable<\/p><\/div><\/div>\n        <\/section>\t\t\t\t<\/div>\n\t\t\t\t<\/div>\n\t\t\t\t\t<\/div>\n\t\t<\/div>\n\t\t\t\t<div class=\"aux-parallax-section elementor-column elementor-col-50 elementor-inner-column elementor-element elementor-element-640ebab\" data-id=\"640ebab\" data-element_type=\"column\" data-e-type=\"column\">\n\t\t\t<div class=\"elementor-widget-wrap elementor-element-populated\">\n\t\t\t\t\t\t<div class=\"elementor-element elementor-element-ed79319 elementor-widget elementor-widget-image\" data-id=\"ed79319\" data-element_type=\"widget\" data-e-type=\"widget\" data-widget_type=\"image.default\">\n\t\t\t\t<div class=\"elementor-widget-container\">\n\t\t\t\t\t\t\t\t\t\t\t\t\t\t\t<img fetchpriority=\"high\" decoding=\"async\" width=\"450\" height=\"300\" src=\"https:\/\/www.mirabel-aux-baronnies.fr\/s2\/wp-content\/uploads\/2021\/01\/villagepagehistoire.jpg\" class=\"attachment-large size-large wp-image-1587\" alt=\"\" srcset=\"https:\/\/www.mirabel-aux-baronnies.fr\/s2\/wp-content\/uploads\/2021\/01\/villagepagehistoire.jpg 450w, https:\/\/www.mirabel-aux-baronnies.fr\/s2\/wp-content\/uploads\/2021\/01\/villagepagehistoire-16x12.jpg 16w\" sizes=\"(max-width: 450px) 100vw, 450px\" \/>\t\t\t\t\t\t\t\t\t\t\t\t\t\t\t<\/div>\n\t\t\t\t<\/div>\n\t\t\t\t\t<\/div>\n\t\t<\/div>\n\t\t\t\t\t<\/div>\n\t\t<\/section>\n\t\t\t\t<section class=\"elementor-section elementor-inner-section elementor-element elementor-element-8d3bdb7 elementor-section-boxed elementor-section-height-default elementor-section-height-default\" data-id=\"8d3bdb7\" data-element_type=\"section\" data-e-type=\"section\">\n\t\t\t\t\t\t<div class=\"elementor-container elementor-column-gap-default\">\n\t\t\t\t\t<div class=\"aux-parallax-section elementor-column elementor-col-50 elementor-inner-column elementor-element elementor-element-2a72917\" data-id=\"2a72917\" data-element_type=\"column\" data-e-type=\"column\">\n\t\t\t<div class=\"elementor-widget-wrap elementor-element-populated\">\n\t\t\t\t\t\t<div class=\"elementor-element elementor-element-9f05a5f elementor-widget elementor-widget-image\" data-id=\"9f05a5f\" data-element_type=\"widget\" data-e-type=\"widget\" data-widget_type=\"image.default\">\n\t\t\t\t<div class=\"elementor-widget-container\">\n\t\t\t\t\t\t\t\t\t\t\t\t\t\t\t<img decoding=\"async\" width=\"550\" height=\"733\" src=\"https:\/\/www.mirabel-aux-baronnies.fr\/s2\/wp-content\/uploads\/2021\/01\/ruelle1ok.jpg\" class=\"attachment-large size-large wp-image-1588\" alt=\"\" srcset=\"https:\/\/www.mirabel-aux-baronnies.fr\/s2\/wp-content\/uploads\/2021\/01\/ruelle1ok.jpg 550w, https:\/\/www.mirabel-aux-baronnies.fr\/s2\/wp-content\/uploads\/2021\/01\/ruelle1ok-9x12.jpg 9w\" sizes=\"(max-width: 550px) 100vw, 550px\" \/>\t\t\t\t\t\t\t\t\t\t\t\t\t\t\t<\/div>\n\t\t\t\t<\/div>\n\t\t\t\t\t<\/div>\n\t\t<\/div>\n\t\t\t\t<div class=\"aux-parallax-section elementor-column elementor-col-50 elementor-inner-column elementor-element elementor-element-6e22769\" data-id=\"6e22769\" data-element_type=\"column\" data-e-type=\"column\">\n\t\t\t<div class=\"elementor-widget-wrap elementor-element-populated\">\n\t\t\t\t\t\t<div class=\"elementor-element elementor-element-0cdde95 elementor-widget elementor-widget-aux_modern_heading\" data-id=\"0cdde95\" data-element_type=\"widget\" data-e-type=\"widget\" data-widget_type=\"aux_modern_heading.default\">\n\t\t\t\t<div class=\"elementor-widget-container\">\n\t\t\t\t\t<section class=\"aux-widget-modern-heading\">\n            <div class=\"aux-widget-inner\"><h2 class=\"aux-modern-heading-primary\">Histoire :<\/h2><div class=\"aux-modern-heading-description\"><p>Le 9 octobre 1206, Dragonnet de Montauban et son fils Raymond c\u00e9d\u00e8rent leur haute justice sur le fief, en \u00e9change de droits seigneuriaux sur Vinsobres, \u00e0 Eldiarde, abbesse de Saint-C\u00e9saire d\u2019Arles.<br \/>Apr\u00e8s l\u2019annexion de la baronnie de Montauban par les dauphins, ceux-ci combl\u00e8rent Mirabel de largesses. Mirabel f\u00fbt atelier mon\u00e9taire, le ch\u00e2teau fut agrandi et embelli, l\u2019\u00e9glise Saint Julien reconstruite avec une chapelle sp\u00e9ciale pour eux.<br \/>Pill\u00e9e et saccag\u00e9e au XIV\u00e8me si\u00e8cle, par les compagnies de routiers, Mirabel fut l\u2019une des malheureuses victimes des guerres de religion, qui y firent d\u2019horribles d\u00e9g\u00e2ts.<\/p><\/div><\/div>\n        <\/section>\t\t\t\t<\/div>\n\t\t\t\t<\/div>\n\t\t\t\t\t<\/div>\n\t\t<\/div>\n\t\t\t\t\t<\/div>\n\t\t<\/section>\n\t\t\t\t<section class=\"elementor-section elementor-inner-section elementor-element elementor-element-03fa13c elementor-section-boxed elementor-section-height-default elementor-section-height-default\" data-id=\"03fa13c\" data-element_type=\"section\" data-e-type=\"section\">\n\t\t\t\t\t\t<div class=\"elementor-container elementor-column-gap-default\">\n\t\t\t\t\t<div class=\"aux-parallax-section elementor-column elementor-col-100 elementor-inner-column elementor-element elementor-element-431e6a8\" data-id=\"431e6a8\" data-element_type=\"column\" data-e-type=\"column\">\n\t\t\t<div class=\"elementor-widget-wrap elementor-element-populated\">\n\t\t\t\t\t\t<div class=\"elementor-element elementor-element-729ca41 elementor-widget elementor-widget-aux_modern_heading\" data-id=\"729ca41\" data-element_type=\"widget\" data-e-type=\"widget\" data-widget_type=\"aux_modern_heading.default\">\n\t\t\t\t<div class=\"elementor-widget-container\">\n\t\t\t\t\t<section class=\"aux-widget-modern-heading\">\n            <div class=\"aux-widget-inner\"><h2 class=\"aux-modern-heading-primary\">La peste<\/h2><div class=\"aux-modern-heading-description\"><p>Jusqu\u2019en 1345, il existait un quartier juif, nomm\u00e9 Les Josiols, au nord-est du village. A cause de rumeurs selon lesquelles les juifs \u00e9taient responsables de la peste qui mena\u00e7ait cette ann\u00e9e-l\u00e0, ils furent assassin\u00e9s ou envoy\u00e9s vers Carpentras. Le quartier fut d\u00e9truit.<\/p><\/div><\/div>\n        <\/section>\t\t\t\t<\/div>\n\t\t\t\t<\/div>\n\t\t\t\t<div class=\"elementor-element elementor-element-78b0580 elementor-widget elementor-widget-aux_modern_heading\" data-id=\"78b0580\" data-element_type=\"widget\" data-e-type=\"widget\" data-widget_type=\"aux_modern_heading.default\">\n\t\t\t\t<div class=\"elementor-widget-container\">\n\t\t\t\t\t<section class=\"aux-widget-modern-heading\">\n            <div class=\"aux-widget-inner\"><h2 class=\"aux-modern-heading-primary\">Chef-lieu de canton de 1790 \u00e0 1800, Mirabel devint apr\u00e8s le 9 thermidor un foyer de r\u00e9action royaliste et tout rentre dans l\u2019ordre apr\u00e8s la f\u00eate du 14 juillet de l\u2019an X.<\/h2><div class=\"aux-modern-heading-description\"><p>Mirabel-aux-Baronnies fut un des premiers villages avec un r\u00e9seau d\u2019alimentation d\u2019eau publique, construit en 1876. Des sp\u00e9cialistes italiens rest\u00e8rent pendant quelques ann\u00e9es au village avec leurs familles. Il existait m\u00eame une \u00e9cole en langue italienne pour leurs enfants. L\u2019eau provient d\u2019une source appel\u00e9e La Tune, capt\u00e9e \u00e0 deux kilom\u00e8tres au nord-est du village. L\u2019eau est collect\u00e9e et conduite par des dalots (canalisations) en b\u00e9ton qui alimentent encore aujourd\u2019hui deux fontaines et deux lavoirs.<\/p><\/div><\/div>\n        <\/section>\t\t\t\t<\/div>\n\t\t\t\t<\/div>\n\t\t\t\t<div class=\"elementor-element elementor-element-9b3593d elementor-widget elementor-widget-image\" data-id=\"9b3593d\" data-element_type=\"widget\" data-e-type=\"widget\" data-widget_type=\"image.default\">\n\t\t\t\t<div class=\"elementor-widget-container\">\n\t\t\t\t\t\t\t\t\t\t\t\t\t\t\t<img decoding=\"async\" width=\"550\" height=\"810\" src=\"https:\/\/www.mirabel-aux-baronnies.fr\/s2\/wp-content\/uploads\/2021\/01\/fontainehistoireOK.jpg\" class=\"attachment-large size-large wp-image-1589\" alt=\"\" srcset=\"https:\/\/www.mirabel-aux-baronnies.fr\/s2\/wp-content\/uploads\/2021\/01\/fontainehistoireOK.jpg 550w, https:\/\/www.mirabel-aux-baronnies.fr\/s2\/wp-content\/uploads\/2021\/01\/fontainehistoireOK-8x12.jpg 8w\" sizes=\"(max-width: 550px) 100vw, 550px\" \/>\t\t\t\t\t\t\t\t\t\t\t\t\t\t\t<\/div>\n\t\t\t\t<\/div>\n\t\t\t\t<div class=\"elementor-element elementor-element-edab9d7 elementor-widget elementor-widget-image\" data-id=\"edab9d7\" data-element_type=\"widget\" data-e-type=\"widget\" data-widget_type=\"image.default\">\n\t\t\t\t<div class=\"elementor-widget-container\">\n\t\t\t\t\t\t\t\t\t\t\t\t\t\t\t<img loading=\"lazy\" decoding=\"async\" width=\"550\" height=\"413\" src=\"https:\/\/www.mirabel-aux-baronnies.fr\/s2\/wp-content\/uploads\/2021\/01\/lavoir5OK.jpg\" class=\"attachment-large size-large wp-image-1590\" alt=\"\" srcset=\"https:\/\/www.mirabel-aux-baronnies.fr\/s2\/wp-content\/uploads\/2021\/01\/lavoir5OK.jpg 550w, https:\/\/www.mirabel-aux-baronnies.fr\/s2\/wp-content\/uploads\/2021\/01\/lavoir5OK-16x12.jpg 16w\" sizes=\"(max-width: 550px) 100vw, 550px\" \/>\t\t\t\t\t\t\t\t\t\t\t\t\t\t\t<\/div>\n\t\t\t\t<\/div>\n\t\t\t\t\t<\/div>\n\t\t<\/div>\n\t\t\t\t\t<\/div>\n\t\t<\/section>\n\t\t\t\t\t<\/div>\n\t\t<\/div>\n\t\t\t\t\t<\/div>\n\t\t<\/section>\n\t\t\t\t<\/div>\n\t\t","protected":false},"excerpt":{"rendered":"<p>D\u00e9couvrir &#8211; HISTOIRE DE MIRABEL Pr\u00e9sentation Mirabel-aux-Baronnies est une commune au sud du d\u00e9partement de la Dr\u00f4me, en r\u00e9gion Rh\u00f4ne-Alpes-Auvergne. Construit sur une butte, autour de son \u00e9glise, le village, r\u00e9put\u00e9 pour ses olives et la beaut\u00e9 de ses paysages, b\u00e9n\u00e9ficie d\u2019un microclimat exceptionnel&#8230; Origine Le Village est connu depuis 1059 comme Mirabello Castello.Mirabel est [&hellip;]<\/p>\n","protected":false},"author":1,"featured_media":0,"parent":0,"menu_order":0,"comment_status":"closed","ping_status":"closed","template":"","meta":{"footnotes":""},"class_list":["post-1583","page","type-page","status-publish","hentry"],"yoast_head":"<!-- This site is optimized with the Yoast SEO plugin v27.3 - https:\/\/yoast.com\/product\/yoast-seo-wordpress\/ -->\n<title>D\u00e9couvrir - Mirabel aux Baronnies<\/title>\n<meta name=\"robots\" content=\"noindex, follow\" \/>\n<meta property=\"og:locale\" content=\"fr_FR\" \/>\n<meta property=\"og:type\" content=\"article\" \/>\n<meta property=\"og:title\" content=\"D\u00e9couvrir - Mirabel aux Baronnies\" \/>\n<meta property=\"og:description\" content=\"D\u00e9couvrir &#8211; HISTOIRE DE MIRABEL Pr\u00e9sentation Mirabel-aux-Baronnies est une commune au sud du d\u00e9partement de la Dr\u00f4me, en r\u00e9gion Rh\u00f4ne-Alpes-Auvergne. Construit sur une butte, autour de son \u00e9glise, le village, r\u00e9put\u00e9 pour ses olives et la beaut\u00e9 de ses paysages, b\u00e9n\u00e9ficie d\u2019un microclimat exceptionnel&#8230; Origine Le Village est connu depuis 1059 comme Mirabello Castello.Mirabel est [&hellip;]\" \/>\n<meta property=\"og:url\" content=\"https:\/\/www.mirabel-aux-baronnies.fr\/s2\/histoire-de-mirabel\/\" \/>\n<meta property=\"og:site_name\" content=\"Mirabel aux Baronnies\" \/>\n<meta property=\"article:publisher\" content=\"https:\/\/www.facebook.com\/mairiedemirabelauxbaronnies\/\" \/>\n<meta property=\"article:modified_time\" content=\"2024-06-03T07:59:09+00:00\" \/>\n<meta property=\"og:image\" content=\"https:\/\/www.mirabel-aux-baronnies.fr\/s2\/wp-content\/uploads\/2021\/01\/villagepagehistoire.jpg\" \/>\n<meta name=\"twitter:card\" content=\"summary_large_image\" \/>\n<meta name=\"twitter:label1\" content=\"Dur\u00e9e de lecture estim\u00e9e\" \/>\n\t<meta name=\"twitter:data1\" content=\"3 minutes\" \/>\n<script type=\"application\/ld+json\" class=\"yoast-schema-graph\">{\"@context\":\"https:\\\/\\\/schema.org\",\"@graph\":[{\"@type\":\"WebPage\",\"@id\":\"https:\\\/\\\/www.mirabel-aux-baronnies.fr\\\/s2\\\/histoire-de-mirabel\\\/\",\"url\":\"https:\\\/\\\/www.mirabel-aux-baronnies.fr\\\/s2\\\/histoire-de-mirabel\\\/\",\"name\":\"D\u00e9couvrir - Mirabel aux Baronnies\",\"isPartOf\":{\"@id\":\"https:\\\/\\\/www.mirabel-aux-baronnies.fr\\\/s2\\\/#website\"},\"primaryImageOfPage\":{\"@id\":\"https:\\\/\\\/www.mirabel-aux-baronnies.fr\\\/s2\\\/histoire-de-mirabel\\\/#primaryimage\"},\"image\":{\"@id\":\"https:\\\/\\\/www.mirabel-aux-baronnies.fr\\\/s2\\\/histoire-de-mirabel\\\/#primaryimage\"},\"thumbnailUrl\":\"https:\\\/\\\/www.mirabel-aux-baronnies.fr\\\/s2\\\/wp-content\\\/uploads\\\/2021\\\/01\\\/villagepagehistoire.jpg\",\"datePublished\":\"2021-01-24T15:56:07+00:00\",\"dateModified\":\"2024-06-03T07:59:09+00:00\",\"inLanguage\":\"fr-FR\",\"potentialAction\":[{\"@type\":\"ReadAction\",\"target\":[\"https:\\\/\\\/www.mirabel-aux-baronnies.fr\\\/s2\\\/histoire-de-mirabel\\\/\"]}]},{\"@type\":\"ImageObject\",\"inLanguage\":\"fr-FR\",\"@id\":\"https:\\\/\\\/www.mirabel-aux-baronnies.fr\\\/s2\\\/histoire-de-mirabel\\\/#primaryimage\",\"url\":\"https:\\\/\\\/www.mirabel-aux-baronnies.fr\\\/s2\\\/wp-content\\\/uploads\\\/2021\\\/01\\\/villagepagehistoire.jpg\",\"contentUrl\":\"https:\\\/\\\/www.mirabel-aux-baronnies.fr\\\/s2\\\/wp-content\\\/uploads\\\/2021\\\/01\\\/villagepagehistoire.jpg\"},{\"@type\":\"WebSite\",\"@id\":\"https:\\\/\\\/www.mirabel-aux-baronnies.fr\\\/s2\\\/#website\",\"url\":\"https:\\\/\\\/www.mirabel-aux-baronnies.fr\\\/s2\\\/\",\"name\":\"Mirabel aux Baronnies\",\"description\":\"Site officiel de la mairie de Mirabel-aux-Baronnies\",\"publisher\":{\"@id\":\"https:\\\/\\\/www.mirabel-aux-baronnies.fr\\\/s2\\\/#organization\"},\"alternateName\":\"Mirabel-aux-Baronnies\",\"potentialAction\":[{\"@type\":\"SearchAction\",\"target\":{\"@type\":\"EntryPoint\",\"urlTemplate\":\"https:\\\/\\\/www.mirabel-aux-baronnies.fr\\\/s2\\\/?s={search_term_string}\"},\"query-input\":{\"@type\":\"PropertyValueSpecification\",\"valueRequired\":true,\"valueName\":\"search_term_string\"}}],\"inLanguage\":\"fr-FR\"},{\"@type\":\"Organization\",\"@id\":\"https:\\\/\\\/www.mirabel-aux-baronnies.fr\\\/s2\\\/#organization\",\"name\":\"Mirabel aux Baronnies\",\"alternateName\":\"Mirabel-aux-Baronnies\",\"url\":\"https:\\\/\\\/www.mirabel-aux-baronnies.fr\\\/s2\\\/\",\"logo\":{\"@type\":\"ImageObject\",\"inLanguage\":\"fr-FR\",\"@id\":\"https:\\\/\\\/www.mirabel-aux-baronnies.fr\\\/s2\\\/#\\\/schema\\\/logo\\\/image\\\/\",\"url\":\"https:\\\/\\\/www.mirabel-aux-baronnies.fr\\\/s2\\\/wp-content\\\/uploads\\\/2024\\\/01\\\/mirabel11.jpg\",\"contentUrl\":\"https:\\\/\\\/www.mirabel-aux-baronnies.fr\\\/s2\\\/wp-content\\\/uploads\\\/2024\\\/01\\\/mirabel11.jpg\",\"width\":610,\"height\":374,\"caption\":\"Mirabel aux Baronnies\"},\"image\":{\"@id\":\"https:\\\/\\\/www.mirabel-aux-baronnies.fr\\\/s2\\\/#\\\/schema\\\/logo\\\/image\\\/\"},\"sameAs\":[\"https:\\\/\\\/www.facebook.com\\\/mairiedemirabelauxbaronnies\\\/\"]}]}<\/script>\n<!-- \/ Yoast SEO plugin. -->","yoast_head_json":{"title":"D\u00e9couvrir - Mirabel aux Baronnies","robots":{"index":"noindex","follow":"follow"},"og_locale":"fr_FR","og_type":"article","og_title":"D\u00e9couvrir - Mirabel aux Baronnies","og_description":"D\u00e9couvrir &#8211; HISTOIRE DE MIRABEL Pr\u00e9sentation Mirabel-aux-Baronnies est une commune au sud du d\u00e9partement de la Dr\u00f4me, en r\u00e9gion Rh\u00f4ne-Alpes-Auvergne. Construit sur une butte, autour de son \u00e9glise, le village, r\u00e9put\u00e9 pour ses olives et la beaut\u00e9 de ses paysages, b\u00e9n\u00e9ficie d\u2019un microclimat exceptionnel&#8230; Origine Le Village est connu depuis 1059 comme Mirabello Castello.Mirabel est [&hellip;]","og_url":"https:\/\/www.mirabel-aux-baronnies.fr\/s2\/histoire-de-mirabel\/","og_site_name":"Mirabel aux Baronnies","article_publisher":"https:\/\/www.facebook.com\/mairiedemirabelauxbaronnies\/","article_modified_time":"2024-06-03T07:59:09+00:00","og_image":[{"url":"https:\/\/www.mirabel-aux-baronnies.fr\/s2\/wp-content\/uploads\/2021\/01\/villagepagehistoire.jpg","type":"","width":"","height":""}],"twitter_card":"summary_large_image","twitter_misc":{"Dur\u00e9e de lecture estim\u00e9e":"3 minutes"},"schema":{"@context":"https:\/\/schema.org","@graph":[{"@type":"WebPage","@id":"https:\/\/www.mirabel-aux-baronnies.fr\/s2\/histoire-de-mirabel\/","url":"https:\/\/www.mirabel-aux-baronnies.fr\/s2\/histoire-de-mirabel\/","name":"D\u00e9couvrir - Mirabel aux Baronnies","isPartOf":{"@id":"https:\/\/www.mirabel-aux-baronnies.fr\/s2\/#website"},"primaryImageOfPage":{"@id":"https:\/\/www.mirabel-aux-baronnies.fr\/s2\/histoire-de-mirabel\/#primaryimage"},"image":{"@id":"https:\/\/www.mirabel-aux-baronnies.fr\/s2\/histoire-de-mirabel\/#primaryimage"},"thumbnailUrl":"https:\/\/www.mirabel-aux-baronnies.fr\/s2\/wp-content\/uploads\/2021\/01\/villagepagehistoire.jpg","datePublished":"2021-01-24T15:56:07+00:00","dateModified":"2024-06-03T07:59:09+00:00","inLanguage":"fr-FR","potentialAction":[{"@type":"ReadAction","target":["https:\/\/www.mirabel-aux-baronnies.fr\/s2\/histoire-de-mirabel\/"]}]},{"@type":"ImageObject","inLanguage":"fr-FR","@id":"https:\/\/www.mirabel-aux-baronnies.fr\/s2\/histoire-de-mirabel\/#primaryimage","url":"https:\/\/www.mirabel-aux-baronnies.fr\/s2\/wp-content\/uploads\/2021\/01\/villagepagehistoire.jpg","contentUrl":"https:\/\/www.mirabel-aux-baronnies.fr\/s2\/wp-content\/uploads\/2021\/01\/villagepagehistoire.jpg"},{"@type":"WebSite","@id":"https:\/\/www.mirabel-aux-baronnies.fr\/s2\/#website","url":"https:\/\/www.mirabel-aux-baronnies.fr\/s2\/","name":"Mirabel aux Baronnies","description":"Site officiel de la mairie de Mirabel-aux-Baronnies","publisher":{"@id":"https:\/\/www.mirabel-aux-baronnies.fr\/s2\/#organization"},"alternateName":"Mirabel-aux-Baronnies","potentialAction":[{"@type":"SearchAction","target":{"@type":"EntryPoint","urlTemplate":"https:\/\/www.mirabel-aux-baronnies.fr\/s2\/?s={search_term_string}"},"query-input":{"@type":"PropertyValueSpecification","valueRequired":true,"valueName":"search_term_string"}}],"inLanguage":"fr-FR"},{"@type":"Organization","@id":"https:\/\/www.mirabel-aux-baronnies.fr\/s2\/#organization","name":"Mirabel aux Baronnies","alternateName":"Mirabel-aux-Baronnies","url":"https:\/\/www.mirabel-aux-baronnies.fr\/s2\/","logo":{"@type":"ImageObject","inLanguage":"fr-FR","@id":"https:\/\/www.mirabel-aux-baronnies.fr\/s2\/#\/schema\/logo\/image\/","url":"https:\/\/www.mirabel-aux-baronnies.fr\/s2\/wp-content\/uploads\/2024\/01\/mirabel11.jpg","contentUrl":"https:\/\/www.mirabel-aux-baronnies.fr\/s2\/wp-content\/uploads\/2024\/01\/mirabel11.jpg","width":610,"height":374,"caption":"Mirabel aux Baronnies"},"image":{"@id":"https:\/\/www.mirabel-aux-baronnies.fr\/s2\/#\/schema\/logo\/image\/"},"sameAs":["https:\/\/www.facebook.com\/mairiedemirabelauxbaronnies\/"]}]}},"publishpress_future_action":{"enabled":false,"date":"2026-04-27 15:23:55","action":"change-status","newStatus":"draft","terms":[],"taxonomy":"","extraData":[]},"publishpress_future_workflow_manual_trigger":{"enabledWorkflows":[]},"rttpg_featured_image_url":null,"rttpg_author":{"display_name":"Marcio","author_link":"https:\/\/www.mirabel-aux-baronnies.fr\/s2\/author\/nl_marcio\/"},"rttpg_comment":0,"rttpg_category":null,"rttpg_excerpt":"D\u00e9couvrir &#8211; HISTOIRE DE MIRABEL Pr\u00e9sentation Mirabel-aux-Baronnies est une commune au sud du d\u00e9partement de la Dr\u00f4me, en r\u00e9gion Rh\u00f4ne-Alpes-Auvergne. Construit sur une butte, autour de son \u00e9glise, le village, r\u00e9put\u00e9 pour ses olives et la beaut\u00e9 de ses paysages, b\u00e9n\u00e9ficie d\u2019un microclimat exceptionnel&#8230; Origine Le Village est connu depuis 1059 comme Mirabello Castello.Mirabel est\u2026","_links":{"self":[{"href":"https:\/\/www.mirabel-aux-baronnies.fr\/s2\/wp-json\/wp\/v2\/pages\/1583","targetHints":{"allow":["GET"]}}],"collection":[{"href":"https:\/\/www.mirabel-aux-baronnies.fr\/s2\/wp-json\/wp\/v2\/pages"}],"about":[{"href":"https:\/\/www.mirabel-aux-baronnies.fr\/s2\/wp-json\/wp\/v2\/types\/page"}],"author":[{"embeddable":true,"href":"https:\/\/www.mirabel-aux-baronnies.fr\/s2\/wp-json\/wp\/v2\/users\/1"}],"replies":[{"embeddable":true,"href":"https:\/\/www.mirabel-aux-baronnies.fr\/s2\/wp-json\/wp\/v2\/comments?post=1583"}],"version-history":[{"count":11,"href":"https:\/\/www.mirabel-aux-baronnies.fr\/s2\/wp-json\/wp\/v2\/pages\/1583\/revisions"}],"predecessor-version":[{"id":7019,"href":"https:\/\/www.mirabel-aux-baronnies.fr\/s2\/wp-json\/wp\/v2\/pages\/1583\/revisions\/7019"}],"wp:attachment":[{"href":"https:\/\/www.mirabel-aux-baronnies.fr\/s2\/wp-json\/wp\/v2\/media?parent=1583"}],"curies":[{"name":"wp","href":"https:\/\/api.w.org\/{rel}","templated":true}]}}