{"id":1594,"date":"2021-01-24T17:05:25","date_gmt":"2021-01-24T16:05:25","guid":{"rendered":"https:\/\/www.mirabel-aux-baronnies.fr\/s2\/?page_id=1594"},"modified":"2021-05-18T18:01:09","modified_gmt":"2021-05-18T16:01:09","slug":"geographie","status":"publish","type":"page","link":"https:\/\/www.mirabel-aux-baronnies.fr\/s2\/histoire-de-mirabel\/geographie\/","title":{"rendered":"G\u00c9OGRAPHIE"},"content":{"rendered":"\t\t<div data-elementor-type=\"wp-page\" data-elementor-id=\"1594\" class=\"elementor elementor-1594\">\n\t\t\t\t\t\t<section class=\"elementor-section elementor-top-section elementor-element elementor-element-aa7028b elementor-section-boxed elementor-section-height-default elementor-section-height-default\" data-id=\"aa7028b\" data-element_type=\"section\" data-e-type=\"section\">\n\t\t\t\t\t\t<div class=\"elementor-container elementor-column-gap-default\">\n\t\t\t\t\t<div class=\"aux-parallax-section elementor-column elementor-col-100 elementor-top-column elementor-element elementor-element-bec3343\" data-id=\"bec3343\" data-element_type=\"column\" data-e-type=\"column\">\n\t\t\t<div class=\"elementor-widget-wrap elementor-element-populated\">\n\t\t\t\t\t\t<div class=\"elementor-element elementor-element-fdffdbd elementor-widget elementor-widget-aux_modern_heading\" data-id=\"fdffdbd\" data-element_type=\"widget\" data-e-type=\"widget\" data-widget_type=\"aux_modern_heading.default\">\n\t\t\t\t<div class=\"elementor-widget-container\">\n\t\t\t\t\t<section class=\"aux-widget-modern-heading\">\n            <div class=\"aux-widget-inner\"><h2 class=\"aux-modern-heading-primary\">D\u00e9couvrir - G\u00c9OGRAPHIE<\/h2><\/div>\n        <\/section>\t\t\t\t<\/div>\n\t\t\t\t<\/div>\n\t\t\t\t<div class=\"elementor-element elementor-element-dd81c4c elementor-widget-divider--view-line elementor-widget elementor-widget-divider\" data-id=\"dd81c4c\" data-element_type=\"widget\" data-e-type=\"widget\" data-widget_type=\"divider.default\">\n\t\t\t\t<div class=\"elementor-widget-container\">\n\t\t\t\t\t\t\t<div class=\"elementor-divider\">\n\t\t\t<span class=\"elementor-divider-separator\">\n\t\t\t\t\t\t<\/span>\n\t\t<\/div>\n\t\t\t\t\t\t<\/div>\n\t\t\t\t<\/div>\n\t\t\t\t<section class=\"elementor-section elementor-inner-section elementor-element elementor-element-ec7735b elementor-section-boxed elementor-section-height-default elementor-section-height-default\" data-id=\"ec7735b\" data-element_type=\"section\" data-e-type=\"section\">\n\t\t\t\t\t\t<div class=\"elementor-container elementor-column-gap-default\">\n\t\t\t\t\t<div class=\"aux-parallax-section elementor-column elementor-col-50 elementor-inner-column elementor-element elementor-element-d5f3215\" data-id=\"d5f3215\" data-element_type=\"column\" data-e-type=\"column\">\n\t\t\t<div class=\"elementor-widget-wrap elementor-element-populated\">\n\t\t\t\t\t\t<div class=\"elementor-element elementor-element-3375f88 elementor-widget elementor-widget-aux_modern_heading\" data-id=\"3375f88\" data-element_type=\"widget\" data-e-type=\"widget\" data-widget_type=\"aux_modern_heading.default\">\n\t\t\t\t<div class=\"elementor-widget-container\">\n\t\t\t\t\t<section class=\"aux-widget-modern-heading\">\n            <div class=\"aux-widget-inner\"><h2 class=\"aux-modern-heading-primary\">Le village de Mirabel aux Baronnies<\/h2><div class=\"aux-modern-heading-description\"><p class=\"chapo\">\u00a0est situ\u00e9 dans la r\u00e9gion Rh\u00f4ne-Alpes Auvergne, au sud du d\u00e9partement de la Dr\u00f4me.<\/p><p class=\"chapo\">Pos\u00e9 sur une butte, Mirabel est r\u00e9put\u00e9 pour la douceur de son climat, ses olives et la beaut\u00e9 de ses paysages.<\/p><p>Coordonn\u00e9es g\u00e9ographiques :<br \/>Latitude Nord\u00a044\u00b018\u201941\u2019\u2019<br \/>Longitude Est 5\u00b006\u201939\u2019\u2019<\/p><\/div><\/div>\n        <\/section>\t\t\t\t<\/div>\n\t\t\t\t<\/div>\n\t\t\t\t\t<\/div>\n\t\t<\/div>\n\t\t\t\t<div class=\"aux-parallax-section elementor-column elementor-col-50 elementor-inner-column elementor-element elementor-element-f9c9c5a\" data-id=\"f9c9c5a\" data-element_type=\"column\" data-e-type=\"column\">\n\t\t\t<div class=\"elementor-widget-wrap elementor-element-populated\">\n\t\t\t\t\t\t<div class=\"elementor-element elementor-element-9cf6fd3 elementor-widget elementor-widget-image\" data-id=\"9cf6fd3\" data-element_type=\"widget\" data-e-type=\"widget\" data-widget_type=\"image.default\">\n\t\t\t\t<div class=\"elementor-widget-container\">\n\t\t\t\t\t\t\t\t\t\t\t\t\t\t\t<img fetchpriority=\"high\" decoding=\"async\" width=\"450\" height=\"300\" src=\"https:\/\/www.mirabel-aux-baronnies.fr\/s2\/wp-content\/uploads\/2021\/01\/villagepagehistoire.jpg\" class=\"attachment-large size-large wp-image-1587\" alt=\"\" srcset=\"https:\/\/www.mirabel-aux-baronnies.fr\/s2\/wp-content\/uploads\/2021\/01\/villagepagehistoire.jpg 450w, https:\/\/www.mirabel-aux-baronnies.fr\/s2\/wp-content\/uploads\/2021\/01\/villagepagehistoire-16x12.jpg 16w\" sizes=\"(max-width: 450px) 100vw, 450px\" \/>\t\t\t\t\t\t\t\t\t\t\t\t\t\t\t<\/div>\n\t\t\t\t<\/div>\n\t\t\t\t\t<\/div>\n\t\t<\/div>\n\t\t\t\t\t<\/div>\n\t\t<\/section>\n\t\t\t\t<section class=\"elementor-section elementor-inner-section elementor-element elementor-element-0b76445 elementor-section-boxed elementor-section-height-default elementor-section-height-default\" data-id=\"0b76445\" data-element_type=\"section\" data-e-type=\"section\">\n\t\t\t\t\t\t<div class=\"elementor-container elementor-column-gap-default\">\n\t\t\t\t\t<div class=\"aux-parallax-section elementor-column elementor-col-50 elementor-inner-column elementor-element elementor-element-b19668d\" data-id=\"b19668d\" data-element_type=\"column\" data-e-type=\"column\">\n\t\t\t<div class=\"elementor-widget-wrap elementor-element-populated\">\n\t\t\t\t\t\t<div class=\"elementor-element elementor-element-1d4a55a elementor-widget elementor-widget-image\" data-id=\"1d4a55a\" data-element_type=\"widget\" data-e-type=\"widget\" data-widget_type=\"image.default\">\n\t\t\t\t<div class=\"elementor-widget-container\">\n\t\t\t\t\t\t\t\t\t\t\t\t\t\t\t<img decoding=\"async\" width=\"650\" height=\"630\" src=\"https:\/\/www.mirabel-aux-baronnies.fr\/s2\/wp-content\/uploads\/2021\/01\/plaquemirabelOK.jpg\" class=\"attachment-large size-large wp-image-1598\" alt=\"\" srcset=\"https:\/\/www.mirabel-aux-baronnies.fr\/s2\/wp-content\/uploads\/2021\/01\/plaquemirabelOK.jpg 650w, https:\/\/www.mirabel-aux-baronnies.fr\/s2\/wp-content\/uploads\/2021\/01\/plaquemirabelOK-12x12.jpg 12w\" sizes=\"(max-width: 650px) 100vw, 650px\" \/>\t\t\t\t\t\t\t\t\t\t\t\t\t\t\t<\/div>\n\t\t\t\t<\/div>\n\t\t\t\t\t<\/div>\n\t\t<\/div>\n\t\t\t\t<div class=\"aux-parallax-section elementor-column elementor-col-50 elementor-inner-column elementor-element elementor-element-a642b54\" data-id=\"a642b54\" data-element_type=\"column\" data-e-type=\"column\">\n\t\t\t<div class=\"elementor-widget-wrap elementor-element-populated\">\n\t\t\t\t\t\t<div class=\"elementor-element elementor-element-5be43db elementor-widget elementor-widget-aux_modern_heading\" data-id=\"5be43db\" data-element_type=\"widget\" data-e-type=\"widget\" data-widget_type=\"aux_modern_heading.default\">\n\t\t\t\t<div class=\"elementor-widget-container\">\n\t\t\t\t\t<section class=\"aux-widget-modern-heading\">\n            <div class=\"aux-widget-inner\"><h2 class=\"aux-modern-heading-primary\">Mirabel, le village\u2026<\/h2><div class=\"aux-modern-heading-description\"><p>Entour\u00e9 de collines, Mirabel aux Baronnies est situ\u00e9 \u00e0 250 m d\u2019altitude. Ses habitants sont appel\u00e9s les Mirabelais et les Mirabelaises. La commune s\u2019\u00e9tend sur 22,56 km\u00b2 et compte environ 1600 habitants d\u2019apr\u00e8s le recensement de 2010.<\/p><p>A mi-chemin de deux villes de renom, Mirabel aux Baronnies se trouve \u00e0 7 kms de Nyons et \u00e0 8 kms de Vaison La Romaine. Les communes les plus proches sont Pi\u00e9gon, Ch\u00e2teauneuf de Bordette, Vinsobres, Villedieu, Saint Romain en Viennois, Puymeras.\u00a0<\/p><\/div><\/div>\n        <\/section>\t\t\t\t<\/div>\n\t\t\t\t<\/div>\n\t\t\t\t<div class=\"elementor-element elementor-element-96670ed elementor-widget elementor-widget-aux_modern_heading\" data-id=\"96670ed\" data-element_type=\"widget\" data-e-type=\"widget\" data-widget_type=\"aux_modern_heading.default\">\n\t\t\t\t<div class=\"elementor-widget-container\">\n\t\t\t\t\t<section class=\"aux-widget-modern-heading\">\n            <div class=\"aux-widget-inner\"><h2 class=\"aux-modern-heading-primary\">Les ruisseaux<\/h2><div class=\"aux-modern-heading-description\"><p>La Tune descend du l\u2019Autaret\u00a0 et alimente les deux principales fontaines et deux lavoirs<br \/>Le Rieu Sec (rivi\u00e8re s\u00e8che) prend sa source \u00e0 Ch\u00e2teauneuf de Bordette<br \/>La Gaude ou Gaodeo (je me r\u00e9jouis) prend sa source \u00e0 Pi\u00e9gon sous le Pontillard et traverse la plaine de Mirabel pour aller se jeter dans l\u2019Eygues<br \/>Le Rieu prend sa source \u00e0 Beaulieu<br \/>La Combe prend sa source \u00e0 Pied Bel<\/p><\/div><\/div>\n        <\/section>\t\t\t\t<\/div>\n\t\t\t\t<\/div>\n\t\t\t\t\t<\/div>\n\t\t<\/div>\n\t\t\t\t\t<\/div>\n\t\t<\/section>\n\t\t\t\t<section class=\"elementor-section elementor-inner-section elementor-element elementor-element-06036a7 elementor-section-boxed elementor-section-height-default elementor-section-height-default\" data-id=\"06036a7\" data-element_type=\"section\" data-e-type=\"section\">\n\t\t\t\t\t\t<div class=\"elementor-container elementor-column-gap-default\">\n\t\t\t\t\t<div class=\"aux-parallax-section elementor-column elementor-col-100 elementor-inner-column elementor-element elementor-element-f04ef27\" data-id=\"f04ef27\" data-element_type=\"column\" data-e-type=\"column\">\n\t\t\t<div class=\"elementor-widget-wrap elementor-element-populated\">\n\t\t\t\t\t\t<div class=\"elementor-element elementor-element-6cf5c5b elementor-widget elementor-widget-aux_modern_heading\" data-id=\"6cf5c5b\" data-element_type=\"widget\" data-e-type=\"widget\" data-widget_type=\"aux_modern_heading.default\">\n\t\t\t\t<div class=\"elementor-widget-container\">\n\t\t\t\t\t<section class=\"aux-widget-modern-heading\">\n            <div class=\"aux-widget-inner\"><h2 class=\"aux-modern-heading-primary\">Les ruisseaux<\/h2><div class=\"aux-modern-heading-description\"><p>La Tune descend du l\u2019Autaret\u00a0 et alimente les deux principales fontaines et deux lavoirs<br \/>Le Rieu Sec (rivi\u00e8re s\u00e8che) prend sa source \u00e0 Ch\u00e2teauneuf de Bordette<br \/>La Gaude ou Gaodeo (je me r\u00e9jouis) prend sa source \u00e0 Pi\u00e9gon sous le Pontillard et traverse la plaine de Mirabel pour aller se jeter dans l\u2019Eygues<br \/>Le Rieu prend sa source \u00e0 Beaulieu<br \/>La Combe prend sa source \u00e0 Pied Bel<\/p><\/div><\/div>\n        <\/section>\t\t\t\t<\/div>\n\t\t\t\t<\/div>\n\t\t\t\t\t<\/div>\n\t\t<\/div>\n\t\t\t\t\t<\/div>\n\t\t<\/section>\n\t\t\t\t<section class=\"elementor-section elementor-inner-section elementor-element elementor-element-adaa966 elementor-section-boxed elementor-section-height-default elementor-section-height-default\" data-id=\"adaa966\" data-element_type=\"section\" data-e-type=\"section\">\n\t\t\t\t\t\t<div class=\"elementor-container elementor-column-gap-default\">\n\t\t\t\t\t<div class=\"aux-parallax-section elementor-column elementor-col-50 elementor-inner-column elementor-element elementor-element-f4ca4c4\" data-id=\"f4ca4c4\" data-element_type=\"column\" data-e-type=\"column\">\n\t\t\t<div class=\"elementor-widget-wrap elementor-element-populated\">\n\t\t\t\t\t\t<div class=\"elementor-element elementor-element-ed9266f elementor-widget elementor-widget-image\" data-id=\"ed9266f\" data-element_type=\"widget\" data-e-type=\"widget\" data-widget_type=\"image.default\">\n\t\t\t\t<div class=\"elementor-widget-container\">\n\t\t\t\t\t\t\t\t\t\t\t\t\t\t\t<img decoding=\"async\" width=\"460\" height=\"345\" src=\"https:\/\/www.mirabel-aux-baronnies.fr\/s2\/wp-content\/uploads\/2021\/01\/Mont_Ventoux_.jpg\" class=\"attachment-large size-large wp-image-1597\" alt=\"\" srcset=\"https:\/\/www.mirabel-aux-baronnies.fr\/s2\/wp-content\/uploads\/2021\/01\/Mont_Ventoux_.jpg 460w, https:\/\/www.mirabel-aux-baronnies.fr\/s2\/wp-content\/uploads\/2021\/01\/Mont_Ventoux_-16x12.jpg 16w\" sizes=\"(max-width: 460px) 100vw, 460px\" \/>\t\t\t\t\t\t\t\t\t\t\t\t\t\t\t<\/div>\n\t\t\t\t<\/div>\n\t\t\t\t\t<\/div>\n\t\t<\/div>\n\t\t\t\t<div class=\"aux-parallax-section elementor-column elementor-col-50 elementor-inner-column elementor-element elementor-element-49fb12d\" data-id=\"49fb12d\" data-element_type=\"column\" data-e-type=\"column\">\n\t\t\t<div class=\"elementor-widget-wrap elementor-element-populated\">\n\t\t\t\t\t\t<div class=\"elementor-element elementor-element-b3624b1 elementor-widget elementor-widget-aux_modern_heading\" data-id=\"b3624b1\" data-element_type=\"widget\" data-e-type=\"widget\" data-widget_type=\"aux_modern_heading.default\">\n\t\t\t\t<div class=\"elementor-widget-container\">\n\t\t\t\t\t<section class=\"aux-widget-modern-heading\">\n            <div class=\"aux-widget-inner\"><h2 class=\"aux-modern-heading-primary\">Les sommets vus de Mirabel<\/h2><div class=\"aux-modern-heading-description\"><p>Mont Ventoux\u00a0\u00a0 \u00a01912 m<br \/>Mont Ang\u00e8le\u00a0\u00a0 \u00a01606 m<br \/>Pic de la Lance\u00a0\u00a0 \u00a01288 m<br \/>Garde-Grosse\u00a0\u00a0 \u00a0\u00a0 944 m<br \/>Saint-Jaume\u00a0\u00a0 \u00a0\u00a0 791 m<br \/>Gros Moure\u00a0\u00a0 \u00a0\u00a0 846 m<\/p><\/div><\/div>\n        <\/section>\t\t\t\t<\/div>\n\t\t\t\t<\/div>\n\t\t\t\t<div class=\"elementor-element elementor-element-24399fb elementor-widget elementor-widget-aux_modern_heading\" data-id=\"24399fb\" data-element_type=\"widget\" data-e-type=\"widget\" data-widget_type=\"aux_modern_heading.default\">\n\t\t\t\t<div class=\"elementor-widget-container\">\n\t\t\t\t\t<section class=\"aux-widget-modern-heading\">\n            <div class=\"aux-widget-inner\"><h2 class=\"aux-modern-heading-primary\">L\u2019Eygues, la principale rivi\u00e8re<\/h2><div class=\"aux-modern-heading-description\"><p>Elle prend sa source au pied du Sommet de Peyle dans le massif des Baronnies. Longue de 114,3 kms, elle change de nom en entrant dans le Vaucluse pour devenir Aigues et se jette dans le Rh\u00f4ne pr\u00e8s de Caderousse.\u00a0<\/p><\/div><\/div>\n        <\/section>\t\t\t\t<\/div>\n\t\t\t\t<\/div>\n\t\t\t\t\t<\/div>\n\t\t<\/div>\n\t\t\t\t\t<\/div>\n\t\t<\/section>\n\t\t\t\t\t<\/div>\n\t\t<\/div>\n\t\t\t\t\t<\/div>\n\t\t<\/section>\n\t\t\t\t<\/div>\n\t\t","protected":false},"excerpt":{"rendered":"<p>D\u00e9couvrir &#8211; G\u00c9OGRAPHIE Le village de Mirabel aux Baronnies \u00a0est situ\u00e9 dans la r\u00e9gion Rh\u00f4ne-Alpes Auvergne, au sud du d\u00e9partement de la Dr\u00f4me. Pos\u00e9 sur une butte, Mirabel est r\u00e9put\u00e9 pour la douceur de son climat, ses olives et la beaut\u00e9 de ses paysages. Coordonn\u00e9es g\u00e9ographiques :Latitude Nord\u00a044\u00b018\u201941\u2019\u2019Longitude Est 5\u00b006\u201939\u2019\u2019 Mirabel, le village\u2026 Entour\u00e9 de [&hellip;]<\/p>\n","protected":false},"author":1,"featured_media":0,"parent":1583,"menu_order":0,"comment_status":"closed","ping_status":"closed","template":"","meta":{"footnotes":""},"class_list":["post-1594","page","type-page","status-publish","hentry"],"yoast_head":"<!-- This site is optimized with the Yoast SEO plugin v27.3 - https:\/\/yoast.com\/product\/yoast-seo-wordpress\/ -->\n<title>G\u00c9OGRAPHIE - Mirabel aux Baronnies<\/title>\n<meta name=\"robots\" content=\"noindex, follow\" \/>\n<meta property=\"og:locale\" content=\"fr_FR\" \/>\n<meta property=\"og:type\" content=\"article\" \/>\n<meta property=\"og:title\" content=\"G\u00c9OGRAPHIE - Mirabel aux Baronnies\" \/>\n<meta property=\"og:description\" content=\"D\u00e9couvrir &#8211; G\u00c9OGRAPHIE Le village de Mirabel aux Baronnies \u00a0est situ\u00e9 dans la r\u00e9gion Rh\u00f4ne-Alpes Auvergne, au sud du d\u00e9partement de la Dr\u00f4me. Pos\u00e9 sur une butte, Mirabel est r\u00e9put\u00e9 pour la douceur de son climat, ses olives et la beaut\u00e9 de ses paysages. Coordonn\u00e9es g\u00e9ographiques :Latitude Nord\u00a044\u00b018\u201941\u2019\u2019Longitude Est 5\u00b006\u201939\u2019\u2019 Mirabel, le village\u2026 Entour\u00e9 de [&hellip;]\" \/>\n<meta property=\"og:url\" content=\"https:\/\/www.mirabel-aux-baronnies.fr\/s2\/histoire-de-mirabel\/geographie\/\" \/>\n<meta property=\"og:site_name\" content=\"Mirabel aux Baronnies\" \/>\n<meta property=\"article:publisher\" content=\"https:\/\/www.facebook.com\/mairiedemirabelauxbaronnies\/\" \/>\n<meta property=\"article:modified_time\" content=\"2021-05-18T16:01:09+00:00\" \/>\n<meta property=\"og:image\" content=\"https:\/\/www.mirabel-aux-baronnies.fr\/s2\/wp-content\/uploads\/2021\/01\/villagepagehistoire.jpg\" \/>\n<meta name=\"twitter:card\" content=\"summary_large_image\" \/>\n<meta name=\"twitter:label1\" content=\"Dur\u00e9e de lecture estim\u00e9e\" \/>\n\t<meta name=\"twitter:data1\" content=\"3 minutes\" \/>\n<script type=\"application\/ld+json\" class=\"yoast-schema-graph\">{\"@context\":\"https:\\\/\\\/schema.org\",\"@graph\":[{\"@type\":\"WebPage\",\"@id\":\"https:\\\/\\\/www.mirabel-aux-baronnies.fr\\\/s2\\\/histoire-de-mirabel\\\/geographie\\\/\",\"url\":\"https:\\\/\\\/www.mirabel-aux-baronnies.fr\\\/s2\\\/histoire-de-mirabel\\\/geographie\\\/\",\"name\":\"G\u00c9OGRAPHIE - Mirabel aux Baronnies\",\"isPartOf\":{\"@id\":\"https:\\\/\\\/www.mirabel-aux-baronnies.fr\\\/s2\\\/#website\"},\"primaryImageOfPage\":{\"@id\":\"https:\\\/\\\/www.mirabel-aux-baronnies.fr\\\/s2\\\/histoire-de-mirabel\\\/geographie\\\/#primaryimage\"},\"image\":{\"@id\":\"https:\\\/\\\/www.mirabel-aux-baronnies.fr\\\/s2\\\/histoire-de-mirabel\\\/geographie\\\/#primaryimage\"},\"thumbnailUrl\":\"https:\\\/\\\/www.mirabel-aux-baronnies.fr\\\/s2\\\/wp-content\\\/uploads\\\/2021\\\/01\\\/villagepagehistoire.jpg\",\"datePublished\":\"2021-01-24T16:05:25+00:00\",\"dateModified\":\"2021-05-18T16:01:09+00:00\",\"breadcrumb\":{\"@id\":\"https:\\\/\\\/www.mirabel-aux-baronnies.fr\\\/s2\\\/histoire-de-mirabel\\\/geographie\\\/#breadcrumb\"},\"inLanguage\":\"fr-FR\",\"potentialAction\":[{\"@type\":\"ReadAction\",\"target\":[\"https:\\\/\\\/www.mirabel-aux-baronnies.fr\\\/s2\\\/histoire-de-mirabel\\\/geographie\\\/\"]}]},{\"@type\":\"ImageObject\",\"inLanguage\":\"fr-FR\",\"@id\":\"https:\\\/\\\/www.mirabel-aux-baronnies.fr\\\/s2\\\/histoire-de-mirabel\\\/geographie\\\/#primaryimage\",\"url\":\"https:\\\/\\\/www.mirabel-aux-baronnies.fr\\\/s2\\\/wp-content\\\/uploads\\\/2021\\\/01\\\/villagepagehistoire.jpg\",\"contentUrl\":\"https:\\\/\\\/www.mirabel-aux-baronnies.fr\\\/s2\\\/wp-content\\\/uploads\\\/2021\\\/01\\\/villagepagehistoire.jpg\"},{\"@type\":\"BreadcrumbList\",\"@id\":\"https:\\\/\\\/www.mirabel-aux-baronnies.fr\\\/s2\\\/histoire-de-mirabel\\\/geographie\\\/#breadcrumb\",\"itemListElement\":[{\"@type\":\"ListItem\",\"position\":1,\"name\":\"D\u00e9couvrir\",\"item\":\"https:\\\/\\\/www.mirabel-aux-baronnies.fr\\\/s2\\\/histoire-de-mirabel\\\/\"},{\"@type\":\"ListItem\",\"position\":2,\"name\":\"G\u00c9OGRAPHIE\"}]},{\"@type\":\"WebSite\",\"@id\":\"https:\\\/\\\/www.mirabel-aux-baronnies.fr\\\/s2\\\/#website\",\"url\":\"https:\\\/\\\/www.mirabel-aux-baronnies.fr\\\/s2\\\/\",\"name\":\"Mirabel aux Baronnies\",\"description\":\"Site officiel de la mairie de Mirabel-aux-Baronnies\",\"publisher\":{\"@id\":\"https:\\\/\\\/www.mirabel-aux-baronnies.fr\\\/s2\\\/#organization\"},\"alternateName\":\"Mirabel-aux-Baronnies\",\"potentialAction\":[{\"@type\":\"SearchAction\",\"target\":{\"@type\":\"EntryPoint\",\"urlTemplate\":\"https:\\\/\\\/www.mirabel-aux-baronnies.fr\\\/s2\\\/?s={search_term_string}\"},\"query-input\":{\"@type\":\"PropertyValueSpecification\",\"valueRequired\":true,\"valueName\":\"search_term_string\"}}],\"inLanguage\":\"fr-FR\"},{\"@type\":\"Organization\",\"@id\":\"https:\\\/\\\/www.mirabel-aux-baronnies.fr\\\/s2\\\/#organization\",\"name\":\"Mirabel aux Baronnies\",\"alternateName\":\"Mirabel-aux-Baronnies\",\"url\":\"https:\\\/\\\/www.mirabel-aux-baronnies.fr\\\/s2\\\/\",\"logo\":{\"@type\":\"ImageObject\",\"inLanguage\":\"fr-FR\",\"@id\":\"https:\\\/\\\/www.mirabel-aux-baronnies.fr\\\/s2\\\/#\\\/schema\\\/logo\\\/image\\\/\",\"url\":\"https:\\\/\\\/www.mirabel-aux-baronnies.fr\\\/s2\\\/wp-content\\\/uploads\\\/2024\\\/01\\\/mirabel11.jpg\",\"contentUrl\":\"https:\\\/\\\/www.mirabel-aux-baronnies.fr\\\/s2\\\/wp-content\\\/uploads\\\/2024\\\/01\\\/mirabel11.jpg\",\"width\":610,\"height\":374,\"caption\":\"Mirabel aux Baronnies\"},\"image\":{\"@id\":\"https:\\\/\\\/www.mirabel-aux-baronnies.fr\\\/s2\\\/#\\\/schema\\\/logo\\\/image\\\/\"},\"sameAs\":[\"https:\\\/\\\/www.facebook.com\\\/mairiedemirabelauxbaronnies\\\/\"]}]}<\/script>\n<!-- \/ Yoast SEO plugin. -->","yoast_head_json":{"title":"G\u00c9OGRAPHIE - Mirabel aux Baronnies","robots":{"index":"noindex","follow":"follow"},"og_locale":"fr_FR","og_type":"article","og_title":"G\u00c9OGRAPHIE - Mirabel aux Baronnies","og_description":"D\u00e9couvrir &#8211; G\u00c9OGRAPHIE Le village de Mirabel aux Baronnies \u00a0est situ\u00e9 dans la r\u00e9gion Rh\u00f4ne-Alpes Auvergne, au sud du d\u00e9partement de la Dr\u00f4me. Pos\u00e9 sur une butte, Mirabel est r\u00e9put\u00e9 pour la douceur de son climat, ses olives et la beaut\u00e9 de ses paysages. Coordonn\u00e9es g\u00e9ographiques :Latitude Nord\u00a044\u00b018\u201941\u2019\u2019Longitude Est 5\u00b006\u201939\u2019\u2019 Mirabel, le village\u2026 Entour\u00e9 de [&hellip;]","og_url":"https:\/\/www.mirabel-aux-baronnies.fr\/s2\/histoire-de-mirabel\/geographie\/","og_site_name":"Mirabel aux Baronnies","article_publisher":"https:\/\/www.facebook.com\/mairiedemirabelauxbaronnies\/","article_modified_time":"2021-05-18T16:01:09+00:00","og_image":[{"url":"https:\/\/www.mirabel-aux-baronnies.fr\/s2\/wp-content\/uploads\/2021\/01\/villagepagehistoire.jpg","type":"","width":"","height":""}],"twitter_card":"summary_large_image","twitter_misc":{"Dur\u00e9e de lecture estim\u00e9e":"3 minutes"},"schema":{"@context":"https:\/\/schema.org","@graph":[{"@type":"WebPage","@id":"https:\/\/www.mirabel-aux-baronnies.fr\/s2\/histoire-de-mirabel\/geographie\/","url":"https:\/\/www.mirabel-aux-baronnies.fr\/s2\/histoire-de-mirabel\/geographie\/","name":"G\u00c9OGRAPHIE - Mirabel aux Baronnies","isPartOf":{"@id":"https:\/\/www.mirabel-aux-baronnies.fr\/s2\/#website"},"primaryImageOfPage":{"@id":"https:\/\/www.mirabel-aux-baronnies.fr\/s2\/histoire-de-mirabel\/geographie\/#primaryimage"},"image":{"@id":"https:\/\/www.mirabel-aux-baronnies.fr\/s2\/histoire-de-mirabel\/geographie\/#primaryimage"},"thumbnailUrl":"https:\/\/www.mirabel-aux-baronnies.fr\/s2\/wp-content\/uploads\/2021\/01\/villagepagehistoire.jpg","datePublished":"2021-01-24T16:05:25+00:00","dateModified":"2021-05-18T16:01:09+00:00","breadcrumb":{"@id":"https:\/\/www.mirabel-aux-baronnies.fr\/s2\/histoire-de-mirabel\/geographie\/#breadcrumb"},"inLanguage":"fr-FR","potentialAction":[{"@type":"ReadAction","target":["https:\/\/www.mirabel-aux-baronnies.fr\/s2\/histoire-de-mirabel\/geographie\/"]}]},{"@type":"ImageObject","inLanguage":"fr-FR","@id":"https:\/\/www.mirabel-aux-baronnies.fr\/s2\/histoire-de-mirabel\/geographie\/#primaryimage","url":"https:\/\/www.mirabel-aux-baronnies.fr\/s2\/wp-content\/uploads\/2021\/01\/villagepagehistoire.jpg","contentUrl":"https:\/\/www.mirabel-aux-baronnies.fr\/s2\/wp-content\/uploads\/2021\/01\/villagepagehistoire.jpg"},{"@type":"BreadcrumbList","@id":"https:\/\/www.mirabel-aux-baronnies.fr\/s2\/histoire-de-mirabel\/geographie\/#breadcrumb","itemListElement":[{"@type":"ListItem","position":1,"name":"D\u00e9couvrir","item":"https:\/\/www.mirabel-aux-baronnies.fr\/s2\/histoire-de-mirabel\/"},{"@type":"ListItem","position":2,"name":"G\u00c9OGRAPHIE"}]},{"@type":"WebSite","@id":"https:\/\/www.mirabel-aux-baronnies.fr\/s2\/#website","url":"https:\/\/www.mirabel-aux-baronnies.fr\/s2\/","name":"Mirabel aux Baronnies","description":"Site officiel de la mairie de Mirabel-aux-Baronnies","publisher":{"@id":"https:\/\/www.mirabel-aux-baronnies.fr\/s2\/#organization"},"alternateName":"Mirabel-aux-Baronnies","potentialAction":[{"@type":"SearchAction","target":{"@type":"EntryPoint","urlTemplate":"https:\/\/www.mirabel-aux-baronnies.fr\/s2\/?s={search_term_string}"},"query-input":{"@type":"PropertyValueSpecification","valueRequired":true,"valueName":"search_term_string"}}],"inLanguage":"fr-FR"},{"@type":"Organization","@id":"https:\/\/www.mirabel-aux-baronnies.fr\/s2\/#organization","name":"Mirabel aux Baronnies","alternateName":"Mirabel-aux-Baronnies","url":"https:\/\/www.mirabel-aux-baronnies.fr\/s2\/","logo":{"@type":"ImageObject","inLanguage":"fr-FR","@id":"https:\/\/www.mirabel-aux-baronnies.fr\/s2\/#\/schema\/logo\/image\/","url":"https:\/\/www.mirabel-aux-baronnies.fr\/s2\/wp-content\/uploads\/2024\/01\/mirabel11.jpg","contentUrl":"https:\/\/www.mirabel-aux-baronnies.fr\/s2\/wp-content\/uploads\/2024\/01\/mirabel11.jpg","width":610,"height":374,"caption":"Mirabel aux Baronnies"},"image":{"@id":"https:\/\/www.mirabel-aux-baronnies.fr\/s2\/#\/schema\/logo\/image\/"},"sameAs":["https:\/\/www.facebook.com\/mairiedemirabelauxbaronnies\/"]}]}},"publishpress_future_action":{"enabled":false,"date":"2026-05-20 19:47:00","action":"change-status","newStatus":"draft","terms":[],"taxonomy":"","extraData":[]},"publishpress_future_workflow_manual_trigger":{"enabledWorkflows":[]},"rttpg_featured_image_url":null,"rttpg_author":{"display_name":"Marcio","author_link":"https:\/\/www.mirabel-aux-baronnies.fr\/s2\/author\/nl_marcio\/"},"rttpg_comment":0,"rttpg_category":null,"rttpg_excerpt":"D\u00e9couvrir &#8211; G\u00c9OGRAPHIE Le village de Mirabel aux Baronnies \u00a0est situ\u00e9 dans la r\u00e9gion Rh\u00f4ne-Alpes Auvergne, au sud du d\u00e9partement de la Dr\u00f4me. Pos\u00e9 sur une butte, Mirabel est r\u00e9put\u00e9 pour la douceur de son climat, ses olives et la beaut\u00e9 de ses paysages. Coordonn\u00e9es g\u00e9ographiques :Latitude Nord\u00a044\u00b018\u201941\u2019\u2019Longitude Est 5\u00b006\u201939\u2019\u2019 Mirabel, le village\u2026 Entour\u00e9 de\u2026","_links":{"self":[{"href":"https:\/\/www.mirabel-aux-baronnies.fr\/s2\/wp-json\/wp\/v2\/pages\/1594","targetHints":{"allow":["GET"]}}],"collection":[{"href":"https:\/\/www.mirabel-aux-baronnies.fr\/s2\/wp-json\/wp\/v2\/pages"}],"about":[{"href":"https:\/\/www.mirabel-aux-baronnies.fr\/s2\/wp-json\/wp\/v2\/types\/page"}],"author":[{"embeddable":true,"href":"https:\/\/www.mirabel-aux-baronnies.fr\/s2\/wp-json\/wp\/v2\/users\/1"}],"replies":[{"embeddable":true,"href":"https:\/\/www.mirabel-aux-baronnies.fr\/s2\/wp-json\/wp\/v2\/comments?post=1594"}],"version-history":[{"count":10,"href":"https:\/\/www.mirabel-aux-baronnies.fr\/s2\/wp-json\/wp\/v2\/pages\/1594\/revisions"}],"predecessor-version":[{"id":2633,"href":"https:\/\/www.mirabel-aux-baronnies.fr\/s2\/wp-json\/wp\/v2\/pages\/1594\/revisions\/2633"}],"up":[{"embeddable":true,"href":"https:\/\/www.mirabel-aux-baronnies.fr\/s2\/wp-json\/wp\/v2\/pages\/1583"}],"wp:attachment":[{"href":"https:\/\/www.mirabel-aux-baronnies.fr\/s2\/wp-json\/wp\/v2\/media?parent=1594"}],"curies":[{"name":"wp","href":"https:\/\/api.w.org\/{rel}","templated":true}]}}