{"id":1638,"date":"2021-01-24T17:43:02","date_gmt":"2021-01-24T16:43:02","guid":{"rendered":"https:\/\/www.mirabel-aux-baronnies.fr\/s2\/?page_id=1638"},"modified":"2021-05-18T18:02:59","modified_gmt":"2021-05-18T16:02:59","slug":"maison-des-vins-et-du-tourisme","status":"publish","type":"page","link":"https:\/\/www.mirabel-aux-baronnies.fr\/s2\/histoire-de-mirabel\/maison-des-vins-et-du-tourisme\/","title":{"rendered":"MAISON DES VINS ET DU TOURISME"},"content":{"rendered":"\t\t<div data-elementor-type=\"wp-page\" data-elementor-id=\"1638\" class=\"elementor elementor-1638\">\n\t\t\t\t\t\t<section class=\"elementor-section elementor-top-section elementor-element elementor-element-aa7028b elementor-section-boxed elementor-section-height-default elementor-section-height-default\" data-id=\"aa7028b\" data-element_type=\"section\" data-e-type=\"section\">\n\t\t\t\t\t\t<div class=\"elementor-container elementor-column-gap-default\">\n\t\t\t\t\t<div class=\"aux-parallax-section elementor-column elementor-col-100 elementor-top-column elementor-element elementor-element-bec3343\" data-id=\"bec3343\" data-element_type=\"column\" data-e-type=\"column\">\n\t\t\t<div class=\"elementor-widget-wrap elementor-element-populated\">\n\t\t\t\t\t\t<div class=\"elementor-element elementor-element-fdffdbd elementor-widget elementor-widget-aux_modern_heading\" data-id=\"fdffdbd\" data-element_type=\"widget\" data-e-type=\"widget\" data-widget_type=\"aux_modern_heading.default\">\n\t\t\t\t<div class=\"elementor-widget-container\">\n\t\t\t\t\t<section class=\"aux-widget-modern-heading\">\n            <div class=\"aux-widget-inner\"><h2 class=\"aux-modern-heading-primary\">D\u00e9couvrir - MAISON DES VINS ET DU TOURISME<\/h2><\/div>\n        <\/section>\t\t\t\t<\/div>\n\t\t\t\t<\/div>\n\t\t\t\t<div class=\"elementor-element elementor-element-dd81c4c elementor-widget-divider--view-line elementor-widget elementor-widget-divider\" data-id=\"dd81c4c\" data-element_type=\"widget\" data-e-type=\"widget\" data-widget_type=\"divider.default\">\n\t\t\t\t<div class=\"elementor-widget-container\">\n\t\t\t\t\t\t\t<div class=\"elementor-divider\">\n\t\t\t<span class=\"elementor-divider-separator\">\n\t\t\t\t\t\t<\/span>\n\t\t<\/div>\n\t\t\t\t\t\t<\/div>\n\t\t\t\t<\/div>\n\t\t\t\t<section class=\"elementor-section elementor-inner-section elementor-element elementor-element-ec7735b elementor-section-boxed elementor-section-height-default elementor-section-height-default\" data-id=\"ec7735b\" data-element_type=\"section\" data-e-type=\"section\">\n\t\t\t\t\t\t<div class=\"elementor-container elementor-column-gap-default\">\n\t\t\t\t\t<div class=\"aux-parallax-section elementor-column elementor-col-50 elementor-inner-column elementor-element elementor-element-d5f3215\" data-id=\"d5f3215\" data-element_type=\"column\" data-e-type=\"column\">\n\t\t\t<div class=\"elementor-widget-wrap elementor-element-populated\">\n\t\t\t\t\t\t<div class=\"elementor-element elementor-element-3375f88 elementor-widget elementor-widget-aux_modern_heading\" data-id=\"3375f88\" data-element_type=\"widget\" data-e-type=\"widget\" data-widget_type=\"aux_modern_heading.default\">\n\t\t\t\t<div class=\"elementor-widget-container\">\n\t\t\t\t\t<section class=\"aux-widget-modern-heading\">\n            <div class=\"aux-widget-inner\"><h2 class=\"aux-modern-heading-primary\">Maison des vins et du Tourisme<\/h2><div class=\"aux-modern-heading-description\"><div><p>Avenue du G\u00e9n\u00e9ral De Gaulle -\u00a0Mirabel aux Baronnies<\/p><p>T\u00e9l : 04 75 27 58 10<\/p><\/div><p>Issue d\u2019un travail collaboratif entre la communaut\u00e9 de communes des Baronnies en Dr\u00f4me Proven\u00e7ale, son office de\u00a0tourisme, la mairie de Mirabel aux Baronnies, et notamment Jean Louis Pascal, et le Syndicat des vignerons du Nyonsais, Mirabel, Pi\u00e9gon, Venterol ; la Maison des Vins et du Tourisme est\u00a0<strong>un lieu d\u00e9di\u00e9 au terroir, symbole de l\u2019importance de l\u2019oenotourisme sur notre territoire.<\/strong><\/p><p>Elle constitue l\u2019un des 8 bureaux d\u2019accueil de l\u2019office de tourisme communautaire (avec Nyons, Vinsobres, Sahune, Buis les Baronnies, R\u00e9muzat, Montbrun les Bains et S\u00e9deron).<\/p><p class=\"date\">Ouvert d'avril \u00e0 septembre<\/p><p class=\"date\">Du lundi apr\u00e8s-midi au samedi matin (ferm\u00e9 jeudi et dimanche)<\/p><p class=\"date\">\u00a0 \u00a0 \u00a0 \u00a0 \u00a0 \u00a0 \u00a0 \u00a0 \u00a0 \u00a0 \u00a0 \u00a0 \u00a0 \u00a0 \u00a0 \u00a0 \u00a0 \u00a0de 9 h 30 \u00e0 12 h 30\u00a0 et de 15 h \u00e0 19 h<\/p><\/div><\/div>\n        <\/section>\t\t\t\t<\/div>\n\t\t\t\t<\/div>\n\t\t\t\t\t<\/div>\n\t\t<\/div>\n\t\t\t\t<div class=\"aux-parallax-section elementor-column elementor-col-50 elementor-inner-column elementor-element elementor-element-f9c9c5a\" data-id=\"f9c9c5a\" data-element_type=\"column\" data-e-type=\"column\">\n\t\t\t<div class=\"elementor-widget-wrap elementor-element-populated\">\n\t\t\t\t\t\t<div class=\"elementor-element elementor-element-9cf6fd3 elementor-widget elementor-widget-image\" data-id=\"9cf6fd3\" data-element_type=\"widget\" data-e-type=\"widget\" data-widget_type=\"image.default\">\n\t\t\t\t<div class=\"elementor-widget-container\">\n\t\t\t\t\t\t\t\t\t\t\t\t\t\t\t<img fetchpriority=\"high\" decoding=\"async\" width=\"650\" height=\"768\" src=\"https:\/\/www.mirabel-aux-baronnies.fr\/s2\/wp-content\/uploads\/2021\/01\/vintourismeOK-650x768.jpg\" class=\"attachment-medium_large size-medium_large wp-image-1641\" alt=\"\" srcset=\"https:\/\/www.mirabel-aux-baronnies.fr\/s2\/wp-content\/uploads\/2021\/01\/vintourismeOK-650x768.jpg 650w, https:\/\/www.mirabel-aux-baronnies.fr\/s2\/wp-content\/uploads\/2021\/01\/vintourismeOK-9x12.jpg 9w\" sizes=\"(max-width: 650px) 100vw, 650px\" \/>\t\t\t\t\t\t\t\t\t\t\t\t\t\t\t<\/div>\n\t\t\t\t<\/div>\n\t\t\t\t\t<\/div>\n\t\t<\/div>\n\t\t\t\t\t<\/div>\n\t\t<\/section>\n\t\t\t\t<div class=\"elementor-element elementor-element-ceaae84 elementor-widget elementor-widget-image\" data-id=\"ceaae84\" data-element_type=\"widget\" data-e-type=\"widget\" data-widget_type=\"image.default\">\n\t\t\t\t<div class=\"elementor-widget-container\">\n\t\t\t\t\t\t\t\t\t\t\t\t\t\t\t<img decoding=\"async\" width=\"600\" height=\"387\" src=\"https:\/\/www.mirabel-aux-baronnies.fr\/s2\/wp-content\/uploads\/2021\/01\/office2018OK.jpg\" class=\"attachment-medium_large size-medium_large wp-image-1642\" alt=\"\" srcset=\"https:\/\/www.mirabel-aux-baronnies.fr\/s2\/wp-content\/uploads\/2021\/01\/office2018OK.jpg 600w, https:\/\/www.mirabel-aux-baronnies.fr\/s2\/wp-content\/uploads\/2021\/01\/office2018OK-16x10.jpg 16w, https:\/\/www.mirabel-aux-baronnies.fr\/s2\/wp-content\/uploads\/2021\/01\/office2018OK-280x180.jpg 280w\" sizes=\"(max-width: 600px) 100vw, 600px\" \/>\t\t\t\t\t\t\t\t\t\t\t\t\t\t\t<\/div>\n\t\t\t\t<\/div>\n\t\t\t\t<section class=\"elementor-section elementor-inner-section elementor-element elementor-element-387ef32 elementor-section-boxed elementor-section-height-default elementor-section-height-default\" data-id=\"387ef32\" data-element_type=\"section\" data-e-type=\"section\">\n\t\t\t\t\t\t<div class=\"elementor-container elementor-column-gap-default\">\n\t\t\t\t\t<div class=\"aux-parallax-section elementor-column elementor-col-50 elementor-inner-column elementor-element elementor-element-238cdaa\" data-id=\"238cdaa\" data-element_type=\"column\" data-e-type=\"column\">\n\t\t\t<div class=\"elementor-widget-wrap elementor-element-populated\">\n\t\t\t\t\t\t<div class=\"elementor-element elementor-element-1694361 elementor-widget elementor-widget-aux_modern_heading\" data-id=\"1694361\" data-element_type=\"widget\" data-e-type=\"widget\" data-widget_type=\"aux_modern_heading.default\">\n\t\t\t\t<div class=\"elementor-widget-container\">\n\t\t\t\t\t<section class=\"aux-widget-modern-heading\">\n            <div class=\"aux-widget-inner\"><h2 class=\"aux-modern-heading-primary\"><\/h2><div class=\"aux-modern-heading-description\"><p><strong>13 caves repr\u00e9sent\u00e9es pour le vin :<\/strong><br \/>Domaine de Combebelle<br \/>Domaine du Ch\u00eane Vert<br \/>Les Vignerons de Villedieu-Buisson<br \/>Cave La Vinsobraise<br \/>Domaine des Arches<br \/>Ch\u00e2teau de V\u00e9rone<br \/>Domaine de Provensol<br \/>Cave La Comtadine<br \/>Domaine Le Puy du Maupas<br \/>Domaine Gini\u00e8s<br \/>Domaine de La Taurelle<br \/>Soci\u00e9t\u00e9 Coop\u00e9rative Agricole du Nyonsais<br \/>Cave des Grands Vins Saint-Maurice<\/p><p><strong>Produits vendus par l'Office de Tourisme :<\/strong><br \/>Tabliers PAYS DE NYONS<br \/>T-shirt Ventoux<br \/>Polos PAYS DE NYONS<br \/>Sirops d'Eyguebelle<br \/>Savons et pochons de lavande<br \/>Herbes de Provence<br \/>Limonade de Tilleul<br \/>BD Les vins des C\u00f4tes du Rh\u00f4nes<br \/>Cartes Postales<br \/>Topos randonn\u00e9es et VTT<br \/>Livre de recettes \u00e0 l'huile d'olive<\/p><p><strong>Ev\u00e8nements :<\/strong><br \/>D\u00e9gustations gratuites pr\u00e9vues cet \u00e9t\u00e9 en pr\u00e9sence des vignerons et f\u00eates du vin cet \u00e9t\u00e9 \u00e9galement !<\/p><p>\u00a0Site de l'office de tourisme :\u00a0<strong>www.baronnies-tourisme.com<\/strong><\/p><\/div><\/div>\n        <\/section>\t\t\t\t<\/div>\n\t\t\t\t<\/div>\n\t\t\t\t\t<\/div>\n\t\t<\/div>\n\t\t\t\t<div class=\"aux-parallax-section elementor-column elementor-col-50 elementor-inner-column elementor-element elementor-element-fbb6359\" data-id=\"fbb6359\" data-element_type=\"column\" data-e-type=\"column\">\n\t\t\t<div class=\"elementor-widget-wrap elementor-element-populated\">\n\t\t\t\t\t\t<div class=\"elementor-element elementor-element-8aca219 elementor-widget elementor-widget-aux_modern_heading\" data-id=\"8aca219\" data-element_type=\"widget\" data-e-type=\"widget\" data-widget_type=\"aux_modern_heading.default\">\n\t\t\t\t<div class=\"elementor-widget-container\">\n\t\t\t\t\t<section class=\"aux-widget-modern-heading\">\n            <div class=\"aux-widget-inner\"><h2 class=\"aux-modern-heading-primary\"><\/h2><div class=\"aux-modern-heading-description\"><p><strong>Produits du\u00a0 terroir<\/strong><\/p><p>EARL Le Vigneras : Huile d'olive, tapenade, olives, confitures<\/p><p>La Taurelle : Tapenade, Confit d'olives<\/p><p>Combebelle : Jus de raisins \"muscat\"<\/p><p>ML MICHELI (Pi\u00e9gon) : Miel\u00a0<\/p><p>CH\u00caNE VERT :\u00a0Olives noires AOP,\u00a0Tapenade,\u00a0Cr\u00e8me de marrons<\/p><p>Cave coop Nyons :\u00a0Huile olive AOP,\u00a0Olives noires AOP,\u00a0Tapenade<\/p><p>Domaine des Arches :\u00a0Huile olive AOP,\u00a0Tapenade AOP,\u00a0Jus pomme-coing<\/p><p>Domaine GINIES :\u00a0Nectar abricot,\u00a0Confiture abricot<\/p><p><strong>Ev\u00e8nements :<\/strong><br \/>D\u00e9gustations gratuites pr\u00e9vues cet \u00e9t\u00e9 en pr\u00e9sence des vignerons et f\u00eates du vin cet \u00e9t\u00e9 \u00e9galement !<\/p><p>\u00a0Site de l'office de tourisme :\u00a0<strong>www.baronnies-tourisme.com<\/strong><\/p><\/div><\/div>\n        <\/section>\t\t\t\t<\/div>\n\t\t\t\t<\/div>\n\t\t\t\t\t<\/div>\n\t\t<\/div>\n\t\t\t\t\t<\/div>\n\t\t<\/section>\n\t\t\t\t\t<\/div>\n\t\t<\/div>\n\t\t\t\t\t<\/div>\n\t\t<\/section>\n\t\t\t\t<\/div>\n\t\t","protected":false},"excerpt":{"rendered":"<p>D\u00e9couvrir &#8211; MAISON DES VINS ET DU TOURISME Maison des vins et du Tourisme Avenue du G\u00e9n\u00e9ral De Gaulle &#8211;\u00a0Mirabel aux Baronnies T\u00e9l : 04 75 27 58 10 Issue d\u2019un travail collaboratif entre la communaut\u00e9 de communes des Baronnies en Dr\u00f4me Proven\u00e7ale, son office de\u00a0tourisme, la mairie de Mirabel aux Baronnies, et notamment Jean [&hellip;]<\/p>\n","protected":false},"author":1,"featured_media":0,"parent":1583,"menu_order":0,"comment_status":"closed","ping_status":"closed","template":"","meta":{"footnotes":""},"class_list":["post-1638","page","type-page","status-publish","hentry"],"yoast_head":"<!-- This site is optimized with the Yoast SEO plugin v27.3 - https:\/\/yoast.com\/product\/yoast-seo-wordpress\/ -->\n<title>MAISON DES VINS ET DU TOURISME - Mirabel aux Baronnies<\/title>\n<meta name=\"robots\" content=\"noindex, follow\" \/>\n<meta property=\"og:locale\" content=\"fr_FR\" \/>\n<meta property=\"og:type\" content=\"article\" \/>\n<meta property=\"og:title\" content=\"MAISON DES VINS ET DU TOURISME - Mirabel aux Baronnies\" \/>\n<meta property=\"og:description\" content=\"D\u00e9couvrir &#8211; MAISON DES VINS ET DU TOURISME Maison des vins et du Tourisme Avenue du G\u00e9n\u00e9ral De Gaulle &#8211;\u00a0Mirabel aux Baronnies T\u00e9l : 04 75 27 58 10 Issue d\u2019un travail collaboratif entre la communaut\u00e9 de communes des Baronnies en Dr\u00f4me Proven\u00e7ale, son office de\u00a0tourisme, la mairie de Mirabel aux Baronnies, et notamment Jean [&hellip;]\" \/>\n<meta property=\"og:url\" content=\"https:\/\/www.mirabel-aux-baronnies.fr\/s2\/histoire-de-mirabel\/maison-des-vins-et-du-tourisme\/\" \/>\n<meta property=\"og:site_name\" content=\"Mirabel aux Baronnies\" \/>\n<meta property=\"article:publisher\" content=\"https:\/\/www.facebook.com\/mairiedemirabelauxbaronnies\/\" \/>\n<meta property=\"article:modified_time\" content=\"2021-05-18T16:02:59+00:00\" \/>\n<meta property=\"og:image\" content=\"https:\/\/www.mirabel-aux-baronnies.fr\/s2\/wp-content\/uploads\/2021\/01\/vintourismeOK-650x768.jpg\" \/>\n<meta name=\"twitter:card\" content=\"summary_large_image\" \/>\n<meta name=\"twitter:label1\" content=\"Dur\u00e9e de lecture estim\u00e9e\" \/>\n\t<meta name=\"twitter:data1\" content=\"2 minutes\" \/>\n<script type=\"application\/ld+json\" class=\"yoast-schema-graph\">{\"@context\":\"https:\\\/\\\/schema.org\",\"@graph\":[{\"@type\":\"WebPage\",\"@id\":\"https:\\\/\\\/www.mirabel-aux-baronnies.fr\\\/s2\\\/histoire-de-mirabel\\\/maison-des-vins-et-du-tourisme\\\/\",\"url\":\"https:\\\/\\\/www.mirabel-aux-baronnies.fr\\\/s2\\\/histoire-de-mirabel\\\/maison-des-vins-et-du-tourisme\\\/\",\"name\":\"MAISON DES VINS ET DU TOURISME - Mirabel aux Baronnies\",\"isPartOf\":{\"@id\":\"https:\\\/\\\/www.mirabel-aux-baronnies.fr\\\/s2\\\/#website\"},\"primaryImageOfPage\":{\"@id\":\"https:\\\/\\\/www.mirabel-aux-baronnies.fr\\\/s2\\\/histoire-de-mirabel\\\/maison-des-vins-et-du-tourisme\\\/#primaryimage\"},\"image\":{\"@id\":\"https:\\\/\\\/www.mirabel-aux-baronnies.fr\\\/s2\\\/histoire-de-mirabel\\\/maison-des-vins-et-du-tourisme\\\/#primaryimage\"},\"thumbnailUrl\":\"https:\\\/\\\/www.mirabel-aux-baronnies.fr\\\/s2\\\/wp-content\\\/uploads\\\/2021\\\/01\\\/vintourismeOK-650x768.jpg\",\"datePublished\":\"2021-01-24T16:43:02+00:00\",\"dateModified\":\"2021-05-18T16:02:59+00:00\",\"breadcrumb\":{\"@id\":\"https:\\\/\\\/www.mirabel-aux-baronnies.fr\\\/s2\\\/histoire-de-mirabel\\\/maison-des-vins-et-du-tourisme\\\/#breadcrumb\"},\"inLanguage\":\"fr-FR\",\"potentialAction\":[{\"@type\":\"ReadAction\",\"target\":[\"https:\\\/\\\/www.mirabel-aux-baronnies.fr\\\/s2\\\/histoire-de-mirabel\\\/maison-des-vins-et-du-tourisme\\\/\"]}]},{\"@type\":\"ImageObject\",\"inLanguage\":\"fr-FR\",\"@id\":\"https:\\\/\\\/www.mirabel-aux-baronnies.fr\\\/s2\\\/histoire-de-mirabel\\\/maison-des-vins-et-du-tourisme\\\/#primaryimage\",\"url\":\"https:\\\/\\\/www.mirabel-aux-baronnies.fr\\\/s2\\\/wp-content\\\/uploads\\\/2021\\\/01\\\/vintourismeOK.jpg\",\"contentUrl\":\"https:\\\/\\\/www.mirabel-aux-baronnies.fr\\\/s2\\\/wp-content\\\/uploads\\\/2021\\\/01\\\/vintourismeOK.jpg\",\"width\":650,\"height\":867},{\"@type\":\"BreadcrumbList\",\"@id\":\"https:\\\/\\\/www.mirabel-aux-baronnies.fr\\\/s2\\\/histoire-de-mirabel\\\/maison-des-vins-et-du-tourisme\\\/#breadcrumb\",\"itemListElement\":[{\"@type\":\"ListItem\",\"position\":1,\"name\":\"D\u00e9couvrir\",\"item\":\"https:\\\/\\\/www.mirabel-aux-baronnies.fr\\\/s2\\\/histoire-de-mirabel\\\/\"},{\"@type\":\"ListItem\",\"position\":2,\"name\":\"MAISON DES VINS ET DU TOURISME\"}]},{\"@type\":\"WebSite\",\"@id\":\"https:\\\/\\\/www.mirabel-aux-baronnies.fr\\\/s2\\\/#website\",\"url\":\"https:\\\/\\\/www.mirabel-aux-baronnies.fr\\\/s2\\\/\",\"name\":\"Mirabel aux Baronnies\",\"description\":\"Site officiel de la mairie de Mirabel-aux-Baronnies\",\"publisher\":{\"@id\":\"https:\\\/\\\/www.mirabel-aux-baronnies.fr\\\/s2\\\/#organization\"},\"alternateName\":\"Mirabel-aux-Baronnies\",\"potentialAction\":[{\"@type\":\"SearchAction\",\"target\":{\"@type\":\"EntryPoint\",\"urlTemplate\":\"https:\\\/\\\/www.mirabel-aux-baronnies.fr\\\/s2\\\/?s={search_term_string}\"},\"query-input\":{\"@type\":\"PropertyValueSpecification\",\"valueRequired\":true,\"valueName\":\"search_term_string\"}}],\"inLanguage\":\"fr-FR\"},{\"@type\":\"Organization\",\"@id\":\"https:\\\/\\\/www.mirabel-aux-baronnies.fr\\\/s2\\\/#organization\",\"name\":\"Mirabel aux Baronnies\",\"alternateName\":\"Mirabel-aux-Baronnies\",\"url\":\"https:\\\/\\\/www.mirabel-aux-baronnies.fr\\\/s2\\\/\",\"logo\":{\"@type\":\"ImageObject\",\"inLanguage\":\"fr-FR\",\"@id\":\"https:\\\/\\\/www.mirabel-aux-baronnies.fr\\\/s2\\\/#\\\/schema\\\/logo\\\/image\\\/\",\"url\":\"https:\\\/\\\/www.mirabel-aux-baronnies.fr\\\/s2\\\/wp-content\\\/uploads\\\/2024\\\/01\\\/mirabel11.jpg\",\"contentUrl\":\"https:\\\/\\\/www.mirabel-aux-baronnies.fr\\\/s2\\\/wp-content\\\/uploads\\\/2024\\\/01\\\/mirabel11.jpg\",\"width\":610,\"height\":374,\"caption\":\"Mirabel aux Baronnies\"},\"image\":{\"@id\":\"https:\\\/\\\/www.mirabel-aux-baronnies.fr\\\/s2\\\/#\\\/schema\\\/logo\\\/image\\\/\"},\"sameAs\":[\"https:\\\/\\\/www.facebook.com\\\/mairiedemirabelauxbaronnies\\\/\"]}]}<\/script>\n<!-- \/ Yoast SEO plugin. -->","yoast_head_json":{"title":"MAISON DES VINS ET DU TOURISME - Mirabel aux Baronnies","robots":{"index":"noindex","follow":"follow"},"og_locale":"fr_FR","og_type":"article","og_title":"MAISON DES VINS ET DU TOURISME - Mirabel aux Baronnies","og_description":"D\u00e9couvrir &#8211; MAISON DES VINS ET DU TOURISME Maison des vins et du Tourisme Avenue du G\u00e9n\u00e9ral De Gaulle &#8211;\u00a0Mirabel aux Baronnies T\u00e9l : 04 75 27 58 10 Issue d\u2019un travail collaboratif entre la communaut\u00e9 de communes des Baronnies en Dr\u00f4me Proven\u00e7ale, son office de\u00a0tourisme, la mairie de Mirabel aux Baronnies, et notamment Jean [&hellip;]","og_url":"https:\/\/www.mirabel-aux-baronnies.fr\/s2\/histoire-de-mirabel\/maison-des-vins-et-du-tourisme\/","og_site_name":"Mirabel aux Baronnies","article_publisher":"https:\/\/www.facebook.com\/mairiedemirabelauxbaronnies\/","article_modified_time":"2021-05-18T16:02:59+00:00","og_image":[{"url":"https:\/\/www.mirabel-aux-baronnies.fr\/s2\/wp-content\/uploads\/2021\/01\/vintourismeOK-650x768.jpg","type":"","width":"","height":""}],"twitter_card":"summary_large_image","twitter_misc":{"Dur\u00e9e de lecture estim\u00e9e":"2 minutes"},"schema":{"@context":"https:\/\/schema.org","@graph":[{"@type":"WebPage","@id":"https:\/\/www.mirabel-aux-baronnies.fr\/s2\/histoire-de-mirabel\/maison-des-vins-et-du-tourisme\/","url":"https:\/\/www.mirabel-aux-baronnies.fr\/s2\/histoire-de-mirabel\/maison-des-vins-et-du-tourisme\/","name":"MAISON DES VINS ET DU TOURISME - Mirabel aux Baronnies","isPartOf":{"@id":"https:\/\/www.mirabel-aux-baronnies.fr\/s2\/#website"},"primaryImageOfPage":{"@id":"https:\/\/www.mirabel-aux-baronnies.fr\/s2\/histoire-de-mirabel\/maison-des-vins-et-du-tourisme\/#primaryimage"},"image":{"@id":"https:\/\/www.mirabel-aux-baronnies.fr\/s2\/histoire-de-mirabel\/maison-des-vins-et-du-tourisme\/#primaryimage"},"thumbnailUrl":"https:\/\/www.mirabel-aux-baronnies.fr\/s2\/wp-content\/uploads\/2021\/01\/vintourismeOK-650x768.jpg","datePublished":"2021-01-24T16:43:02+00:00","dateModified":"2021-05-18T16:02:59+00:00","breadcrumb":{"@id":"https:\/\/www.mirabel-aux-baronnies.fr\/s2\/histoire-de-mirabel\/maison-des-vins-et-du-tourisme\/#breadcrumb"},"inLanguage":"fr-FR","potentialAction":[{"@type":"ReadAction","target":["https:\/\/www.mirabel-aux-baronnies.fr\/s2\/histoire-de-mirabel\/maison-des-vins-et-du-tourisme\/"]}]},{"@type":"ImageObject","inLanguage":"fr-FR","@id":"https:\/\/www.mirabel-aux-baronnies.fr\/s2\/histoire-de-mirabel\/maison-des-vins-et-du-tourisme\/#primaryimage","url":"https:\/\/www.mirabel-aux-baronnies.fr\/s2\/wp-content\/uploads\/2021\/01\/vintourismeOK.jpg","contentUrl":"https:\/\/www.mirabel-aux-baronnies.fr\/s2\/wp-content\/uploads\/2021\/01\/vintourismeOK.jpg","width":650,"height":867},{"@type":"BreadcrumbList","@id":"https:\/\/www.mirabel-aux-baronnies.fr\/s2\/histoire-de-mirabel\/maison-des-vins-et-du-tourisme\/#breadcrumb","itemListElement":[{"@type":"ListItem","position":1,"name":"D\u00e9couvrir","item":"https:\/\/www.mirabel-aux-baronnies.fr\/s2\/histoire-de-mirabel\/"},{"@type":"ListItem","position":2,"name":"MAISON DES VINS ET DU TOURISME"}]},{"@type":"WebSite","@id":"https:\/\/www.mirabel-aux-baronnies.fr\/s2\/#website","url":"https:\/\/www.mirabel-aux-baronnies.fr\/s2\/","name":"Mirabel aux Baronnies","description":"Site officiel de la mairie de Mirabel-aux-Baronnies","publisher":{"@id":"https:\/\/www.mirabel-aux-baronnies.fr\/s2\/#organization"},"alternateName":"Mirabel-aux-Baronnies","potentialAction":[{"@type":"SearchAction","target":{"@type":"EntryPoint","urlTemplate":"https:\/\/www.mirabel-aux-baronnies.fr\/s2\/?s={search_term_string}"},"query-input":{"@type":"PropertyValueSpecification","valueRequired":true,"valueName":"search_term_string"}}],"inLanguage":"fr-FR"},{"@type":"Organization","@id":"https:\/\/www.mirabel-aux-baronnies.fr\/s2\/#organization","name":"Mirabel aux Baronnies","alternateName":"Mirabel-aux-Baronnies","url":"https:\/\/www.mirabel-aux-baronnies.fr\/s2\/","logo":{"@type":"ImageObject","inLanguage":"fr-FR","@id":"https:\/\/www.mirabel-aux-baronnies.fr\/s2\/#\/schema\/logo\/image\/","url":"https:\/\/www.mirabel-aux-baronnies.fr\/s2\/wp-content\/uploads\/2024\/01\/mirabel11.jpg","contentUrl":"https:\/\/www.mirabel-aux-baronnies.fr\/s2\/wp-content\/uploads\/2024\/01\/mirabel11.jpg","width":610,"height":374,"caption":"Mirabel aux Baronnies"},"image":{"@id":"https:\/\/www.mirabel-aux-baronnies.fr\/s2\/#\/schema\/logo\/image\/"},"sameAs":["https:\/\/www.facebook.com\/mairiedemirabelauxbaronnies\/"]}]}},"publishpress_future_action":{"enabled":false,"date":"2026-04-27 15:22:50","action":"change-status","newStatus":"draft","terms":[],"taxonomy":"","extraData":[]},"publishpress_future_workflow_manual_trigger":{"enabledWorkflows":[]},"rttpg_featured_image_url":null,"rttpg_author":{"display_name":"Marcio","author_link":"https:\/\/www.mirabel-aux-baronnies.fr\/s2\/author\/nl_marcio\/"},"rttpg_comment":0,"rttpg_category":null,"rttpg_excerpt":"D\u00e9couvrir &#8211; MAISON DES VINS ET DU TOURISME Maison des vins et du Tourisme Avenue du G\u00e9n\u00e9ral De Gaulle &#8211;\u00a0Mirabel aux Baronnies T\u00e9l : 04 75 27 58 10 Issue d\u2019un travail collaboratif entre la communaut\u00e9 de communes des Baronnies en Dr\u00f4me Proven\u00e7ale, son office de\u00a0tourisme, la mairie de Mirabel aux Baronnies, et notamment Jean\u2026","_links":{"self":[{"href":"https:\/\/www.mirabel-aux-baronnies.fr\/s2\/wp-json\/wp\/v2\/pages\/1638","targetHints":{"allow":["GET"]}}],"collection":[{"href":"https:\/\/www.mirabel-aux-baronnies.fr\/s2\/wp-json\/wp\/v2\/pages"}],"about":[{"href":"https:\/\/www.mirabel-aux-baronnies.fr\/s2\/wp-json\/wp\/v2\/types\/page"}],"author":[{"embeddable":true,"href":"https:\/\/www.mirabel-aux-baronnies.fr\/s2\/wp-json\/wp\/v2\/users\/1"}],"replies":[{"embeddable":true,"href":"https:\/\/www.mirabel-aux-baronnies.fr\/s2\/wp-json\/wp\/v2\/comments?post=1638"}],"version-history":[{"count":10,"href":"https:\/\/www.mirabel-aux-baronnies.fr\/s2\/wp-json\/wp\/v2\/pages\/1638\/revisions"}],"predecessor-version":[{"id":2639,"href":"https:\/\/www.mirabel-aux-baronnies.fr\/s2\/wp-json\/wp\/v2\/pages\/1638\/revisions\/2639"}],"up":[{"embeddable":true,"href":"https:\/\/www.mirabel-aux-baronnies.fr\/s2\/wp-json\/wp\/v2\/pages\/1583"}],"wp:attachment":[{"href":"https:\/\/www.mirabel-aux-baronnies.fr\/s2\/wp-json\/wp\/v2\/media?parent=1638"}],"curies":[{"name":"wp","href":"https:\/\/api.w.org\/{rel}","templated":true}]}}