{"id":5626,"date":"2023-06-03T12:56:52","date_gmt":"2023-06-03T10:56:52","guid":{"rendered":"https:\/\/www.mirabel-aux-baronnies.fr\/s2\/?page_id=5626"},"modified":"2024-05-17T14:01:42","modified_gmt":"2024-05-17T12:01:42","slug":"ecole-renaud-sechan","status":"publish","type":"page","link":"https:\/\/www.mirabel-aux-baronnies.fr\/s2\/ecole-renaud-sechan\/","title":{"rendered":"Ecole Renaud S\u00e9chan"},"content":{"rendered":"\t\t<div data-elementor-type=\"wp-page\" data-elementor-id=\"5626\" class=\"elementor elementor-5626\">\n\t\t\t\t\t\t<section class=\"elementor-section elementor-top-section elementor-element elementor-element-7e3a4df elementor-section-boxed elementor-section-height-default elementor-section-height-default\" data-id=\"7e3a4df\" data-element_type=\"section\">\n\t\t\t\t\t\t<div class=\"elementor-container elementor-column-gap-default\">\n\t\t\t\t\t<div class=\"aux-parallax-section elementor-column elementor-col-50 elementor-top-column elementor-element elementor-element-a1385a8\" data-id=\"a1385a8\" data-element_type=\"column\">\n\t\t\t<div class=\"elementor-widget-wrap elementor-element-populated\">\n\t\t\t\t\t\t<div class=\"elementor-element elementor-element-705e33e elementor-widget elementor-widget-image\" data-id=\"705e33e\" data-element_type=\"widget\" data-widget_type=\"image.default\">\n\t\t\t\t<div class=\"elementor-widget-container\">\n\t\t\t\t\t\t\t\t\t\t\t\t\t\t\t<img fetchpriority=\"high\" decoding=\"async\" width=\"500\" height=\"375\" src=\"https:\/\/www.mirabel-aux-baronnies.fr\/s2\/wp-content\/uploads\/2023\/06\/2018-09-17.jpg\" class=\"attachment-large size-large wp-image-5628\" alt=\"\" \/>\t\t\t\t\t\t\t\t\t\t\t\t\t\t\t<\/div>\n\t\t\t\t<\/div>\n\t\t\t\t\t<\/div>\n\t\t<\/div>\n\t\t\t\t<div class=\"aux-parallax-section elementor-column elementor-col-50 elementor-top-column elementor-element elementor-element-4ae4262\" data-id=\"4ae4262\" data-element_type=\"column\">\n\t\t\t<div class=\"elementor-widget-wrap elementor-element-populated\">\n\t\t\t\t\t\t<div class=\"elementor-element elementor-element-d044051 elementor-widget elementor-widget-heading\" data-id=\"d044051\" data-element_type=\"widget\" data-widget_type=\"heading.default\">\n\t\t\t\t<div class=\"elementor-widget-container\">\n\t\t\t\t\t<h2 class=\"elementor-heading-title elementor-size-default\">Ecole Renaud S\u00e9chan<\/h2>\t\t\t\t<\/div>\n\t\t\t\t<\/div>\n\t\t\t\t<div class=\"elementor-element elementor-element-838b0e3 elementor-widget elementor-widget-text-editor\" data-id=\"838b0e3\" data-element_type=\"widget\" data-widget_type=\"text-editor.default\">\n\t\t\t\t<div class=\"elementor-widget-container\">\n\t\t\t\t\t\t\t\t\t<p><span style=\"font-size: 16.0016px;\">Adresse : Avenue de la R\u00e9sistance 26110 MIRABEL AUX BARONNIES<\/span><\/p>\n<p><strong>\u00c9COLE MATERNELLE :<\/strong><br><em>Directrice :<\/em> <strong>MARTY Christine<\/strong><br><em>T\u00e9l\u00e9phone<\/em> :<strong> 04.75.27.16.97<\/strong><br><em>E-mail :<\/em> <strong>ce.0261290l@ac-grenoble.fr<\/strong><\/p>\n<p>Garderie : <strong>04.75.26.07.00<\/strong><\/p>\n<p><strong>\u00c9COLE PRIMAIRE :<\/strong><br><em>Directrice :<\/em>&nbsp;<b> SAHAGHUIAN Karine<br><\/b><em>T\u00e9l\u00e9phone<\/em> :<b>&nbsp;04.75.26.12.60<br><\/b><em>E-mail :<\/em> <strong>ce.0261187z@ac-grenoble.fr<\/strong><\/p>\n<p>Garderie : <b>04.75.26.06.04<\/b><\/p>\n<p><strong>RESTAURATION SCOLAIRE :<\/strong><br>T\u00e9l\u00e9phone : 04.75.27.17.15<\/p>\t\t\t\t\t\t\t\t<\/div>\n\t\t\t\t<\/div>\n\t\t\t\t\t<\/div>\n\t\t<\/div>\n\t\t\t\t\t<\/div>\n\t\t<\/section>\n\t\t\t\t<section class=\"elementor-section elementor-top-section elementor-element elementor-element-41c9b4e elementor-section-boxed elementor-section-height-default elementor-section-height-default\" data-id=\"41c9b4e\" data-element_type=\"section\">\n\t\t\t\t\t\t<div class=\"elementor-container elementor-column-gap-default\">\n\t\t\t\t\t<div class=\"aux-parallax-section elementor-column elementor-col-50 elementor-top-column elementor-element elementor-element-5f5e2b3\" data-id=\"5f5e2b3\" data-element_type=\"column\">\n\t\t\t<div class=\"elementor-widget-wrap elementor-element-populated\">\n\t\t\t\t\t\t<div class=\"elementor-element elementor-element-95856db elementor-widget elementor-widget-heading\" data-id=\"95856db\" data-element_type=\"widget\" data-widget_type=\"heading.default\">\n\t\t\t\t<div class=\"elementor-widget-container\">\n\t\t\t\t\t<h2 class=\"elementor-heading-title elementor-size-default\"><br><br><br>Cr\u00e8che Multi Accueil \"C\u00f4t\u00e9 Soleil\"<\/h2>\t\t\t\t<\/div>\n\t\t\t\t<\/div>\n\t\t\t\t<div class=\"elementor-element elementor-element-c62b1f2 elementor-widget elementor-widget-text-editor\" data-id=\"c62b1f2\" data-element_type=\"widget\" data-widget_type=\"text-editor.default\">\n\t\t\t\t<div class=\"elementor-widget-container\">\n\t\t\t\t\t\t\t\t\t<p>La cr\u00e8che C\u00f4t\u00e9 Soleil\u00a0\u00bb est ouverte toute l&rsquo;ann\u00e9e du lundi au vendredi de 07h45 \u00e0 18h15 (sauf 4 semaines en \u00e9t\u00e9 et 1 semaine \u00e0 No\u00ebl). et peut accueillir jusqu&rsquo;\u00e0 22 enfants.<\/p><p>\u00a0<\/p><p>Directrice : <strong>Mich\u00e8le BESSON<\/strong>\u00a0<\/p><p>T\u00e9l\u00e9phone : <strong>04 75 26 71 05<\/strong> ou <strong>09 67 22 71 05<\/strong><\/p>\t\t\t\t\t\t\t\t<\/div>\n\t\t\t\t<\/div>\n\t\t\t\t\t<\/div>\n\t\t<\/div>\n\t\t\t\t<div class=\"aux-parallax-section elementor-column elementor-col-50 elementor-top-column elementor-element elementor-element-7003db3\" data-id=\"7003db3\" data-element_type=\"column\">\n\t\t\t<div class=\"elementor-widget-wrap elementor-element-populated\">\n\t\t\t\t\t\t<div class=\"elementor-element elementor-element-1d5d92d elementor-widget elementor-widget-image\" data-id=\"1d5d92d\" data-element_type=\"widget\" data-widget_type=\"image.default\">\n\t\t\t\t<div class=\"elementor-widget-container\">\n\t\t\t\t\t\t\t\t\t\t\t\t\t\t\t<img decoding=\"async\" width=\"1024\" height=\"1024\" src=\"https:\/\/www.mirabel-aux-baronnies.fr\/s2\/wp-content\/uploads\/2024\/01\/photo-creche-1-1024x1024.jpg\" class=\"attachment-large size-large wp-image-6734\" alt=\"\" srcset=\"https:\/\/www.mirabel-aux-baronnies.fr\/s2\/wp-content\/uploads\/2024\/01\/photo-creche-1-1024x1024.jpg 1024w, https:\/\/www.mirabel-aux-baronnies.fr\/s2\/wp-content\/uploads\/2024\/01\/photo-creche-1-300x300.jpg 300w, https:\/\/www.mirabel-aux-baronnies.fr\/s2\/wp-content\/uploads\/2024\/01\/photo-creche-1-150x150.jpg 150w, https:\/\/www.mirabel-aux-baronnies.fr\/s2\/wp-content\/uploads\/2024\/01\/photo-creche-1-768x768.jpg 768w\" sizes=\"(max-width: 1024px) 100vw, 1024px\" \/>\t\t\t\t\t\t\t\t\t\t\t\t\t\t\t<\/div>\n\t\t\t\t<\/div>\n\t\t\t\t\t<\/div>\n\t\t<\/div>\n\t\t\t\t\t<\/div>\n\t\t<\/section>\n\t\t\t\t<\/div>\n\t\t","protected":false},"excerpt":{"rendered":"<p>Ecole Renaud S\u00e9chan Adresse : Avenue de la R\u00e9sistance 26110 MIRABEL AUX BARONNIES \u00c9COLE MATERNELLE :Directrice : MARTY ChristineT\u00e9l\u00e9phone : 04.75.27.16.97E-mail : ce.0261290l@ac-grenoble.fr Garderie : 04.75.26.07.00 \u00c9COLE PRIMAIRE :Directrice :&nbsp; SAHAGHUIAN KarineT\u00e9l\u00e9phone :&nbsp;04.75.26.12.60E-mail : ce.0261187z@ac-grenoble.fr Garderie : 04.75.26.06.04 RESTAURATION SCOLAIRE :T\u00e9l\u00e9phone : 04.75.27.17.15 Cr\u00e8che Multi Accueil \u00ab\u00a0C\u00f4t\u00e9 Soleil\u00a0\u00bb La cr\u00e8che C\u00f4t\u00e9 Soleil\u00a0\u00bb est ouverte toute [&hellip;]<\/p>\n","protected":false},"author":1,"featured_media":0,"parent":0,"menu_order":0,"comment_status":"closed","ping_status":"closed","template":"","meta":{"footnotes":""},"class_list":["post-5626","page","type-page","status-publish","hentry"],"yoast_head":"<!-- This site is optimized with the Yoast SEO plugin v26.7 - https:\/\/yoast.com\/wordpress\/plugins\/seo\/ -->\n<title>Ecole Renaud S\u00e9chan - Mirabel aux Baronnies<\/title>\n<meta name=\"robots\" content=\"noindex, follow\" \/>\n<meta property=\"og:locale\" content=\"fr_FR\" \/>\n<meta property=\"og:type\" content=\"article\" \/>\n<meta property=\"og:title\" content=\"Ecole Renaud S\u00e9chan - Mirabel aux Baronnies\" \/>\n<meta property=\"og:description\" content=\"Ecole Renaud S\u00e9chan Adresse : Avenue de la R\u00e9sistance 26110 MIRABEL AUX BARONNIES \u00c9COLE MATERNELLE :Directrice : MARTY ChristineT\u00e9l\u00e9phone : 04.75.27.16.97E-mail : ce.0261290l@ac-grenoble.fr Garderie : 04.75.26.07.00 \u00c9COLE PRIMAIRE :Directrice :&nbsp; SAHAGHUIAN KarineT\u00e9l\u00e9phone :&nbsp;04.75.26.12.60E-mail : ce.0261187z@ac-grenoble.fr Garderie : 04.75.26.06.04 RESTAURATION SCOLAIRE :T\u00e9l\u00e9phone : 04.75.27.17.15 Cr\u00e8che Multi Accueil \u00ab\u00a0C\u00f4t\u00e9 Soleil\u00a0\u00bb La cr\u00e8che C\u00f4t\u00e9 Soleil\u00a0\u00bb est ouverte toute [&hellip;]\" \/>\n<meta property=\"og:url\" content=\"https:\/\/www.mirabel-aux-baronnies.fr\/s2\/ecole-renaud-sechan\/\" \/>\n<meta property=\"og:site_name\" content=\"Mirabel aux Baronnies\" \/>\n<meta property=\"article:publisher\" content=\"https:\/\/www.facebook.com\/mairiedemirabelauxbaronnies\/\" \/>\n<meta property=\"article:modified_time\" content=\"2024-05-17T12:01:42+00:00\" \/>\n<meta property=\"og:image\" content=\"https:\/\/www.mirabel-aux-baronnies.fr\/s2\/wp-content\/uploads\/2023\/06\/2018-09-17.jpg\" \/>\n<meta name=\"twitter:card\" content=\"summary_large_image\" \/>\n<script type=\"application\/ld+json\" class=\"yoast-schema-graph\">{\"@context\":\"https:\/\/schema.org\",\"@graph\":[{\"@type\":\"WebPage\",\"@id\":\"https:\/\/www.mirabel-aux-baronnies.fr\/s2\/ecole-renaud-sechan\/\",\"url\":\"https:\/\/www.mirabel-aux-baronnies.fr\/s2\/ecole-renaud-sechan\/\",\"name\":\"Ecole Renaud S\u00e9chan - Mirabel aux Baronnies\",\"isPartOf\":{\"@id\":\"https:\/\/www.mirabel-aux-baronnies.fr\/s2\/#website\"},\"primaryImageOfPage\":{\"@id\":\"https:\/\/www.mirabel-aux-baronnies.fr\/s2\/ecole-renaud-sechan\/#primaryimage\"},\"image\":{\"@id\":\"https:\/\/www.mirabel-aux-baronnies.fr\/s2\/ecole-renaud-sechan\/#primaryimage\"},\"thumbnailUrl\":\"https:\/\/www.mirabel-aux-baronnies.fr\/s2\/wp-content\/uploads\/2023\/06\/2018-09-17.jpg\",\"datePublished\":\"2023-06-03T10:56:52+00:00\",\"dateModified\":\"2024-05-17T12:01:42+00:00\",\"inLanguage\":\"fr-FR\",\"potentialAction\":[{\"@type\":\"ReadAction\",\"target\":[\"https:\/\/www.mirabel-aux-baronnies.fr\/s2\/ecole-renaud-sechan\/\"]}]},{\"@type\":\"ImageObject\",\"inLanguage\":\"fr-FR\",\"@id\":\"https:\/\/www.mirabel-aux-baronnies.fr\/s2\/ecole-renaud-sechan\/#primaryimage\",\"url\":\"https:\/\/www.mirabel-aux-baronnies.fr\/s2\/wp-content\/uploads\/2023\/06\/2018-09-17.jpg\",\"contentUrl\":\"https:\/\/www.mirabel-aux-baronnies.fr\/s2\/wp-content\/uploads\/2023\/06\/2018-09-17.jpg\"},{\"@type\":\"WebSite\",\"@id\":\"https:\/\/www.mirabel-aux-baronnies.fr\/s2\/#website\",\"url\":\"https:\/\/www.mirabel-aux-baronnies.fr\/s2\/\",\"name\":\"Mirabel aux Baronnies\",\"description\":\"Site officiel de la mairie de Mirabel-aux-Baronnies\",\"publisher\":{\"@id\":\"https:\/\/www.mirabel-aux-baronnies.fr\/s2\/#organization\"},\"alternateName\":\"Mirabel-aux-Baronnies\",\"potentialAction\":[{\"@type\":\"SearchAction\",\"target\":{\"@type\":\"EntryPoint\",\"urlTemplate\":\"https:\/\/www.mirabel-aux-baronnies.fr\/s2\/?s={search_term_string}\"},\"query-input\":{\"@type\":\"PropertyValueSpecification\",\"valueRequired\":true,\"valueName\":\"search_term_string\"}}],\"inLanguage\":\"fr-FR\"},{\"@type\":\"Organization\",\"@id\":\"https:\/\/www.mirabel-aux-baronnies.fr\/s2\/#organization\",\"name\":\"Mirabel aux Baronnies\",\"alternateName\":\"Mirabel-aux-Baronnies\",\"url\":\"https:\/\/www.mirabel-aux-baronnies.fr\/s2\/\",\"logo\":{\"@type\":\"ImageObject\",\"inLanguage\":\"fr-FR\",\"@id\":\"https:\/\/www.mirabel-aux-baronnies.fr\/s2\/#\/schema\/logo\/image\/\",\"url\":\"https:\/\/www.mirabel-aux-baronnies.fr\/s2\/wp-content\/uploads\/2024\/01\/mirabel11.jpg\",\"contentUrl\":\"https:\/\/www.mirabel-aux-baronnies.fr\/s2\/wp-content\/uploads\/2024\/01\/mirabel11.jpg\",\"width\":610,\"height\":374,\"caption\":\"Mirabel aux Baronnies\"},\"image\":{\"@id\":\"https:\/\/www.mirabel-aux-baronnies.fr\/s2\/#\/schema\/logo\/image\/\"},\"sameAs\":[\"https:\/\/www.facebook.com\/mairiedemirabelauxbaronnies\/\"]}]}<\/script>\n<!-- \/ Yoast SEO plugin. -->","yoast_head_json":{"title":"Ecole Renaud S\u00e9chan - Mirabel aux Baronnies","robots":{"index":"noindex","follow":"follow"},"og_locale":"fr_FR","og_type":"article","og_title":"Ecole Renaud S\u00e9chan - Mirabel aux Baronnies","og_description":"Ecole Renaud S\u00e9chan Adresse : Avenue de la R\u00e9sistance 26110 MIRABEL AUX BARONNIES \u00c9COLE MATERNELLE :Directrice : MARTY ChristineT\u00e9l\u00e9phone : 04.75.27.16.97E-mail : ce.0261290l@ac-grenoble.fr Garderie : 04.75.26.07.00 \u00c9COLE PRIMAIRE :Directrice :&nbsp; SAHAGHUIAN KarineT\u00e9l\u00e9phone :&nbsp;04.75.26.12.60E-mail : ce.0261187z@ac-grenoble.fr Garderie : 04.75.26.06.04 RESTAURATION SCOLAIRE :T\u00e9l\u00e9phone : 04.75.27.17.15 Cr\u00e8che Multi Accueil \u00ab\u00a0C\u00f4t\u00e9 Soleil\u00a0\u00bb La cr\u00e8che C\u00f4t\u00e9 Soleil\u00a0\u00bb est ouverte toute [&hellip;]","og_url":"https:\/\/www.mirabel-aux-baronnies.fr\/s2\/ecole-renaud-sechan\/","og_site_name":"Mirabel aux Baronnies","article_publisher":"https:\/\/www.facebook.com\/mairiedemirabelauxbaronnies\/","article_modified_time":"2024-05-17T12:01:42+00:00","og_image":[{"url":"https:\/\/www.mirabel-aux-baronnies.fr\/s2\/wp-content\/uploads\/2023\/06\/2018-09-17.jpg","type":"","width":"","height":""}],"twitter_card":"summary_large_image","schema":{"@context":"https:\/\/schema.org","@graph":[{"@type":"WebPage","@id":"https:\/\/www.mirabel-aux-baronnies.fr\/s2\/ecole-renaud-sechan\/","url":"https:\/\/www.mirabel-aux-baronnies.fr\/s2\/ecole-renaud-sechan\/","name":"Ecole Renaud S\u00e9chan - Mirabel aux Baronnies","isPartOf":{"@id":"https:\/\/www.mirabel-aux-baronnies.fr\/s2\/#website"},"primaryImageOfPage":{"@id":"https:\/\/www.mirabel-aux-baronnies.fr\/s2\/ecole-renaud-sechan\/#primaryimage"},"image":{"@id":"https:\/\/www.mirabel-aux-baronnies.fr\/s2\/ecole-renaud-sechan\/#primaryimage"},"thumbnailUrl":"https:\/\/www.mirabel-aux-baronnies.fr\/s2\/wp-content\/uploads\/2023\/06\/2018-09-17.jpg","datePublished":"2023-06-03T10:56:52+00:00","dateModified":"2024-05-17T12:01:42+00:00","inLanguage":"fr-FR","potentialAction":[{"@type":"ReadAction","target":["https:\/\/www.mirabel-aux-baronnies.fr\/s2\/ecole-renaud-sechan\/"]}]},{"@type":"ImageObject","inLanguage":"fr-FR","@id":"https:\/\/www.mirabel-aux-baronnies.fr\/s2\/ecole-renaud-sechan\/#primaryimage","url":"https:\/\/www.mirabel-aux-baronnies.fr\/s2\/wp-content\/uploads\/2023\/06\/2018-09-17.jpg","contentUrl":"https:\/\/www.mirabel-aux-baronnies.fr\/s2\/wp-content\/uploads\/2023\/06\/2018-09-17.jpg"},{"@type":"WebSite","@id":"https:\/\/www.mirabel-aux-baronnies.fr\/s2\/#website","url":"https:\/\/www.mirabel-aux-baronnies.fr\/s2\/","name":"Mirabel aux Baronnies","description":"Site officiel de la mairie de Mirabel-aux-Baronnies","publisher":{"@id":"https:\/\/www.mirabel-aux-baronnies.fr\/s2\/#organization"},"alternateName":"Mirabel-aux-Baronnies","potentialAction":[{"@type":"SearchAction","target":{"@type":"EntryPoint","urlTemplate":"https:\/\/www.mirabel-aux-baronnies.fr\/s2\/?s={search_term_string}"},"query-input":{"@type":"PropertyValueSpecification","valueRequired":true,"valueName":"search_term_string"}}],"inLanguage":"fr-FR"},{"@type":"Organization","@id":"https:\/\/www.mirabel-aux-baronnies.fr\/s2\/#organization","name":"Mirabel aux Baronnies","alternateName":"Mirabel-aux-Baronnies","url":"https:\/\/www.mirabel-aux-baronnies.fr\/s2\/","logo":{"@type":"ImageObject","inLanguage":"fr-FR","@id":"https:\/\/www.mirabel-aux-baronnies.fr\/s2\/#\/schema\/logo\/image\/","url":"https:\/\/www.mirabel-aux-baronnies.fr\/s2\/wp-content\/uploads\/2024\/01\/mirabel11.jpg","contentUrl":"https:\/\/www.mirabel-aux-baronnies.fr\/s2\/wp-content\/uploads\/2024\/01\/mirabel11.jpg","width":610,"height":374,"caption":"Mirabel aux Baronnies"},"image":{"@id":"https:\/\/www.mirabel-aux-baronnies.fr\/s2\/#\/schema\/logo\/image\/"},"sameAs":["https:\/\/www.facebook.com\/mairiedemirabelauxbaronnies\/"]}]}},"publishpress_future_action":{"enabled":false,"date":"2026-04-11 21:28:43","action":"change-status","newStatus":"draft","terms":[],"taxonomy":"","extraData":[]},"publishpress_future_workflow_manual_trigger":{"enabledWorkflows":[]},"rttpg_featured_image_url":null,"rttpg_author":{"display_name":"Marcio","author_link":"https:\/\/www.mirabel-aux-baronnies.fr\/s2\/author\/nl_marcio\/"},"rttpg_comment":0,"rttpg_category":null,"rttpg_excerpt":"Ecole Renaud S\u00e9chan Adresse : Avenue de la R\u00e9sistance 26110 MIRABEL AUX BARONNIES \u00c9COLE MATERNELLE :Directrice : MARTY ChristineT\u00e9l\u00e9phone : 04.75.27.16.97E-mail : ce.0261290l@ac-grenoble.fr Garderie : 04.75.26.07.00 \u00c9COLE PRIMAIRE :Directrice :&nbsp; SAHAGHUIAN KarineT\u00e9l\u00e9phone :&nbsp;04.75.26.12.60E-mail : ce.0261187z@ac-grenoble.fr Garderie : 04.75.26.06.04 RESTAURATION SCOLAIRE :T\u00e9l\u00e9phone : 04.75.27.17.15 Cr\u00e8che Multi Accueil \u00ab\u00a0C\u00f4t\u00e9 Soleil\u00a0\u00bb La cr\u00e8che C\u00f4t\u00e9 Soleil\u00a0\u00bb est ouverte toute\u2026","_links":{"self":[{"href":"https:\/\/www.mirabel-aux-baronnies.fr\/s2\/wp-json\/wp\/v2\/pages\/5626","targetHints":{"allow":["GET"]}}],"collection":[{"href":"https:\/\/www.mirabel-aux-baronnies.fr\/s2\/wp-json\/wp\/v2\/pages"}],"about":[{"href":"https:\/\/www.mirabel-aux-baronnies.fr\/s2\/wp-json\/wp\/v2\/types\/page"}],"author":[{"embeddable":true,"href":"https:\/\/www.mirabel-aux-baronnies.fr\/s2\/wp-json\/wp\/v2\/users\/1"}],"replies":[{"embeddable":true,"href":"https:\/\/www.mirabel-aux-baronnies.fr\/s2\/wp-json\/wp\/v2\/comments?post=5626"}],"version-history":[{"count":16,"href":"https:\/\/www.mirabel-aux-baronnies.fr\/s2\/wp-json\/wp\/v2\/pages\/5626\/revisions"}],"predecessor-version":[{"id":6959,"href":"https:\/\/www.mirabel-aux-baronnies.fr\/s2\/wp-json\/wp\/v2\/pages\/5626\/revisions\/6959"}],"wp:attachment":[{"href":"https:\/\/www.mirabel-aux-baronnies.fr\/s2\/wp-json\/wp\/v2\/media?parent=5626"}],"curies":[{"name":"wp","href":"https:\/\/api.w.org\/{rel}","templated":true}]}}