{"id":6592,"date":"2023-12-12T11:12:08","date_gmt":"2023-12-12T10:12:08","guid":{"rendered":"https:\/\/www.mirabel-aux-baronnies.fr\/s2\/?page_id=6592"},"modified":"2026-03-27T10:50:42","modified_gmt":"2026-03-27T09:50:42","slug":"horaires-de-la-poste-a-mirabel","status":"publish","type":"page","link":"https:\/\/www.mirabel-aux-baronnies.fr\/s2\/horaires-de-la-poste-a-mirabel\/","title":{"rendered":"HORAIRES DE LA POSTE \u00c0 MIRABEL"},"content":{"rendered":"\n<h1 class=\"wp-block-heading\">HORAIRES DE L&rsquo;AGENCE POSTALE COMMUNALE DE MIRABEL<\/h1>\n\n\n\n<p>L\u2019agence communale de La Poste a vu le jour le 4 d\u00e9cembre dernier.&nbsp;Vous pouvez y retrouver les services d\u2019un bureau de poste classique, \u00e0 savoir les op\u00e9rations postales, bancaires, ainsi que la souscription et la vente de t\u00e9l\u00e9phone mobiles, entre autres. De plus, vous pouvez b\u00e9n\u00e9ficier de l\u2019acc\u00e8s \u00e0 un \u00eelot num\u00e9rique permettant toutes vos d\u00e9marches sur Internet gratuitement.<\/p>\n\n\n\n<p>L\u2019agence postale communale repr\u00e9sente l\u2019aboutissement de la politique de maintien des services publics sur la commune voulue par le Conseil municipal.<\/p>\n\n\n\n<p>Mirabelaises,&nbsp;Mirabelais, aidez-nous \u00e0 poursuivre dans cette voie en privil\u00e9giant notre agence pour vos d\u00e9marches, afin qu\u2019ensemble, nous&nbsp;puissions p\u00e9renniser ce service public de proximit\u00e9.<\/p>\n\n\n\n<figure class=\"wp-block-image size-full\"><img fetchpriority=\"high\" decoding=\"async\" width=\"555\" height=\"779\" src=\"https:\/\/www.mirabel-aux-baronnies.fr\/s2\/wp-content\/uploads\/2026\/03\/Capture-decran-2026-03-27-104618.png\" alt=\"\" class=\"wp-image-7877\"\/><\/figure>\n","protected":false},"excerpt":{"rendered":"<p>HORAIRES DE L&rsquo;AGENCE POSTALE COMMUNALE DE MIRABEL L\u2019agence communale de La Poste a vu le jour le 4 d\u00e9cembre dernier.&nbsp;Vous pouvez y retrouver les services d\u2019un bureau de poste classique, \u00e0 savoir les op\u00e9rations postales, bancaires, ainsi que la souscription et la vente de t\u00e9l\u00e9phone mobiles, entre autres. De plus, vous pouvez b\u00e9n\u00e9ficier de l\u2019acc\u00e8s [&hellip;]<\/p>\n","protected":false},"author":10,"featured_media":0,"parent":0,"menu_order":0,"comment_status":"closed","ping_status":"closed","template":"","meta":{"footnotes":""},"class_list":["post-6592","page","type-page","status-publish","hentry"],"yoast_head":"<!-- This site is optimized with the Yoast SEO plugin v27.3 - https:\/\/yoast.com\/product\/yoast-seo-wordpress\/ -->\n<title>HORAIRES DE LA POSTE \u00c0 MIRABEL - Mirabel aux Baronnies<\/title>\n<meta name=\"robots\" content=\"noindex, follow\" \/>\n<meta property=\"og:locale\" content=\"fr_FR\" \/>\n<meta property=\"og:type\" content=\"article\" \/>\n<meta property=\"og:title\" content=\"HORAIRES DE LA POSTE \u00c0 MIRABEL - Mirabel aux Baronnies\" \/>\n<meta property=\"og:description\" content=\"HORAIRES DE L&rsquo;AGENCE POSTALE COMMUNALE DE MIRABEL L\u2019agence communale de La Poste a vu le jour le 4 d\u00e9cembre dernier.&nbsp;Vous pouvez y retrouver les services d\u2019un bureau de poste classique, \u00e0 savoir les op\u00e9rations postales, bancaires, ainsi que la souscription et la vente de t\u00e9l\u00e9phone mobiles, entre autres. De plus, vous pouvez b\u00e9n\u00e9ficier de l\u2019acc\u00e8s [&hellip;]\" \/>\n<meta property=\"og:url\" content=\"https:\/\/www.mirabel-aux-baronnies.fr\/s2\/horaires-de-la-poste-a-mirabel\/\" \/>\n<meta property=\"og:site_name\" content=\"Mirabel aux Baronnies\" \/>\n<meta property=\"article:publisher\" content=\"https:\/\/www.facebook.com\/mairiedemirabelauxbaronnies\/\" \/>\n<meta property=\"article:modified_time\" content=\"2026-03-27T09:50:42+00:00\" \/>\n<meta property=\"og:image\" content=\"https:\/\/www.mirabel-aux-baronnies.fr\/s2\/wp-content\/uploads\/2026\/03\/Capture-decran-2026-03-27-104618.png\" \/>\n\t<meta property=\"og:image:width\" content=\"555\" \/>\n\t<meta property=\"og:image:height\" content=\"779\" \/>\n\t<meta property=\"og:image:type\" content=\"image\/png\" \/>\n<meta name=\"twitter:card\" content=\"summary_large_image\" \/>\n<meta name=\"twitter:label1\" content=\"Dur\u00e9e de lecture estim\u00e9e\" \/>\n\t<meta name=\"twitter:data1\" content=\"1 minute\" \/>\n<script type=\"application\/ld+json\" class=\"yoast-schema-graph\">{\"@context\":\"https:\\\/\\\/schema.org\",\"@graph\":[{\"@type\":\"WebPage\",\"@id\":\"https:\\\/\\\/www.mirabel-aux-baronnies.fr\\\/s2\\\/horaires-de-la-poste-a-mirabel\\\/\",\"url\":\"https:\\\/\\\/www.mirabel-aux-baronnies.fr\\\/s2\\\/horaires-de-la-poste-a-mirabel\\\/\",\"name\":\"HORAIRES DE LA POSTE \u00c0 MIRABEL - Mirabel aux Baronnies\",\"isPartOf\":{\"@id\":\"https:\\\/\\\/www.mirabel-aux-baronnies.fr\\\/s2\\\/#website\"},\"primaryImageOfPage\":{\"@id\":\"https:\\\/\\\/www.mirabel-aux-baronnies.fr\\\/s2\\\/horaires-de-la-poste-a-mirabel\\\/#primaryimage\"},\"image\":{\"@id\":\"https:\\\/\\\/www.mirabel-aux-baronnies.fr\\\/s2\\\/horaires-de-la-poste-a-mirabel\\\/#primaryimage\"},\"thumbnailUrl\":\"https:\\\/\\\/www.mirabel-aux-baronnies.fr\\\/s2\\\/wp-content\\\/uploads\\\/2026\\\/03\\\/Capture-decran-2026-03-27-104618.png\",\"datePublished\":\"2023-12-12T10:12:08+00:00\",\"dateModified\":\"2026-03-27T09:50:42+00:00\",\"inLanguage\":\"fr-FR\",\"potentialAction\":[{\"@type\":\"ReadAction\",\"target\":[\"https:\\\/\\\/www.mirabel-aux-baronnies.fr\\\/s2\\\/horaires-de-la-poste-a-mirabel\\\/\"]}]},{\"@type\":\"ImageObject\",\"inLanguage\":\"fr-FR\",\"@id\":\"https:\\\/\\\/www.mirabel-aux-baronnies.fr\\\/s2\\\/horaires-de-la-poste-a-mirabel\\\/#primaryimage\",\"url\":\"https:\\\/\\\/www.mirabel-aux-baronnies.fr\\\/s2\\\/wp-content\\\/uploads\\\/2026\\\/03\\\/Capture-decran-2026-03-27-104618.png\",\"contentUrl\":\"https:\\\/\\\/www.mirabel-aux-baronnies.fr\\\/s2\\\/wp-content\\\/uploads\\\/2026\\\/03\\\/Capture-decran-2026-03-27-104618.png\",\"width\":555,\"height\":779},{\"@type\":\"WebSite\",\"@id\":\"https:\\\/\\\/www.mirabel-aux-baronnies.fr\\\/s2\\\/#website\",\"url\":\"https:\\\/\\\/www.mirabel-aux-baronnies.fr\\\/s2\\\/\",\"name\":\"Mirabel aux Baronnies\",\"description\":\"Site officiel de la mairie de Mirabel-aux-Baronnies\",\"publisher\":{\"@id\":\"https:\\\/\\\/www.mirabel-aux-baronnies.fr\\\/s2\\\/#organization\"},\"alternateName\":\"Mirabel-aux-Baronnies\",\"potentialAction\":[{\"@type\":\"SearchAction\",\"target\":{\"@type\":\"EntryPoint\",\"urlTemplate\":\"https:\\\/\\\/www.mirabel-aux-baronnies.fr\\\/s2\\\/?s={search_term_string}\"},\"query-input\":{\"@type\":\"PropertyValueSpecification\",\"valueRequired\":true,\"valueName\":\"search_term_string\"}}],\"inLanguage\":\"fr-FR\"},{\"@type\":\"Organization\",\"@id\":\"https:\\\/\\\/www.mirabel-aux-baronnies.fr\\\/s2\\\/#organization\",\"name\":\"Mirabel aux Baronnies\",\"alternateName\":\"Mirabel-aux-Baronnies\",\"url\":\"https:\\\/\\\/www.mirabel-aux-baronnies.fr\\\/s2\\\/\",\"logo\":{\"@type\":\"ImageObject\",\"inLanguage\":\"fr-FR\",\"@id\":\"https:\\\/\\\/www.mirabel-aux-baronnies.fr\\\/s2\\\/#\\\/schema\\\/logo\\\/image\\\/\",\"url\":\"https:\\\/\\\/www.mirabel-aux-baronnies.fr\\\/s2\\\/wp-content\\\/uploads\\\/2024\\\/01\\\/mirabel11.jpg\",\"contentUrl\":\"https:\\\/\\\/www.mirabel-aux-baronnies.fr\\\/s2\\\/wp-content\\\/uploads\\\/2024\\\/01\\\/mirabel11.jpg\",\"width\":610,\"height\":374,\"caption\":\"Mirabel aux Baronnies\"},\"image\":{\"@id\":\"https:\\\/\\\/www.mirabel-aux-baronnies.fr\\\/s2\\\/#\\\/schema\\\/logo\\\/image\\\/\"},\"sameAs\":[\"https:\\\/\\\/www.facebook.com\\\/mairiedemirabelauxbaronnies\\\/\"]}]}<\/script>\n<!-- \/ Yoast SEO plugin. -->","yoast_head_json":{"title":"HORAIRES DE LA POSTE \u00c0 MIRABEL - Mirabel aux Baronnies","robots":{"index":"noindex","follow":"follow"},"og_locale":"fr_FR","og_type":"article","og_title":"HORAIRES DE LA POSTE \u00c0 MIRABEL - Mirabel aux Baronnies","og_description":"HORAIRES DE L&rsquo;AGENCE POSTALE COMMUNALE DE MIRABEL L\u2019agence communale de La Poste a vu le jour le 4 d\u00e9cembre dernier.&nbsp;Vous pouvez y retrouver les services d\u2019un bureau de poste classique, \u00e0 savoir les op\u00e9rations postales, bancaires, ainsi que la souscription et la vente de t\u00e9l\u00e9phone mobiles, entre autres. De plus, vous pouvez b\u00e9n\u00e9ficier de l\u2019acc\u00e8s [&hellip;]","og_url":"https:\/\/www.mirabel-aux-baronnies.fr\/s2\/horaires-de-la-poste-a-mirabel\/","og_site_name":"Mirabel aux Baronnies","article_publisher":"https:\/\/www.facebook.com\/mairiedemirabelauxbaronnies\/","article_modified_time":"2026-03-27T09:50:42+00:00","og_image":[{"width":555,"height":779,"url":"https:\/\/www.mirabel-aux-baronnies.fr\/s2\/wp-content\/uploads\/2026\/03\/Capture-decran-2026-03-27-104618.png","type":"image\/png"}],"twitter_card":"summary_large_image","twitter_misc":{"Dur\u00e9e de lecture estim\u00e9e":"1 minute"},"schema":{"@context":"https:\/\/schema.org","@graph":[{"@type":"WebPage","@id":"https:\/\/www.mirabel-aux-baronnies.fr\/s2\/horaires-de-la-poste-a-mirabel\/","url":"https:\/\/www.mirabel-aux-baronnies.fr\/s2\/horaires-de-la-poste-a-mirabel\/","name":"HORAIRES DE LA POSTE \u00c0 MIRABEL - Mirabel aux Baronnies","isPartOf":{"@id":"https:\/\/www.mirabel-aux-baronnies.fr\/s2\/#website"},"primaryImageOfPage":{"@id":"https:\/\/www.mirabel-aux-baronnies.fr\/s2\/horaires-de-la-poste-a-mirabel\/#primaryimage"},"image":{"@id":"https:\/\/www.mirabel-aux-baronnies.fr\/s2\/horaires-de-la-poste-a-mirabel\/#primaryimage"},"thumbnailUrl":"https:\/\/www.mirabel-aux-baronnies.fr\/s2\/wp-content\/uploads\/2026\/03\/Capture-decran-2026-03-27-104618.png","datePublished":"2023-12-12T10:12:08+00:00","dateModified":"2026-03-27T09:50:42+00:00","inLanguage":"fr-FR","potentialAction":[{"@type":"ReadAction","target":["https:\/\/www.mirabel-aux-baronnies.fr\/s2\/horaires-de-la-poste-a-mirabel\/"]}]},{"@type":"ImageObject","inLanguage":"fr-FR","@id":"https:\/\/www.mirabel-aux-baronnies.fr\/s2\/horaires-de-la-poste-a-mirabel\/#primaryimage","url":"https:\/\/www.mirabel-aux-baronnies.fr\/s2\/wp-content\/uploads\/2026\/03\/Capture-decran-2026-03-27-104618.png","contentUrl":"https:\/\/www.mirabel-aux-baronnies.fr\/s2\/wp-content\/uploads\/2026\/03\/Capture-decran-2026-03-27-104618.png","width":555,"height":779},{"@type":"WebSite","@id":"https:\/\/www.mirabel-aux-baronnies.fr\/s2\/#website","url":"https:\/\/www.mirabel-aux-baronnies.fr\/s2\/","name":"Mirabel aux Baronnies","description":"Site officiel de la mairie de Mirabel-aux-Baronnies","publisher":{"@id":"https:\/\/www.mirabel-aux-baronnies.fr\/s2\/#organization"},"alternateName":"Mirabel-aux-Baronnies","potentialAction":[{"@type":"SearchAction","target":{"@type":"EntryPoint","urlTemplate":"https:\/\/www.mirabel-aux-baronnies.fr\/s2\/?s={search_term_string}"},"query-input":{"@type":"PropertyValueSpecification","valueRequired":true,"valueName":"search_term_string"}}],"inLanguage":"fr-FR"},{"@type":"Organization","@id":"https:\/\/www.mirabel-aux-baronnies.fr\/s2\/#organization","name":"Mirabel aux Baronnies","alternateName":"Mirabel-aux-Baronnies","url":"https:\/\/www.mirabel-aux-baronnies.fr\/s2\/","logo":{"@type":"ImageObject","inLanguage":"fr-FR","@id":"https:\/\/www.mirabel-aux-baronnies.fr\/s2\/#\/schema\/logo\/image\/","url":"https:\/\/www.mirabel-aux-baronnies.fr\/s2\/wp-content\/uploads\/2024\/01\/mirabel11.jpg","contentUrl":"https:\/\/www.mirabel-aux-baronnies.fr\/s2\/wp-content\/uploads\/2024\/01\/mirabel11.jpg","width":610,"height":374,"caption":"Mirabel aux Baronnies"},"image":{"@id":"https:\/\/www.mirabel-aux-baronnies.fr\/s2\/#\/schema\/logo\/image\/"},"sameAs":["https:\/\/www.facebook.com\/mairiedemirabelauxbaronnies\/"]}]}},"publishpress_future_action":{"enabled":false,"date":"2026-05-20 21:44:26","action":"change-status","newStatus":"draft","terms":[],"taxonomy":"","extraData":[]},"publishpress_future_workflow_manual_trigger":{"enabledWorkflows":[]},"rttpg_featured_image_url":null,"rttpg_author":{"display_name":"Guede","author_link":"https:\/\/www.mirabel-aux-baronnies.fr\/s2\/author\/guede496\/"},"rttpg_comment":0,"rttpg_category":null,"rttpg_excerpt":"HORAIRES DE L&rsquo;AGENCE POSTALE COMMUNALE DE MIRABEL L\u2019agence communale de La Poste a vu le jour le 4 d\u00e9cembre dernier.&nbsp;Vous pouvez y retrouver les services d\u2019un bureau de poste classique, \u00e0 savoir les op\u00e9rations postales, bancaires, ainsi que la souscription et la vente de t\u00e9l\u00e9phone mobiles, entre autres. De plus, vous pouvez b\u00e9n\u00e9ficier de l\u2019acc\u00e8s\u2026","_links":{"self":[{"href":"https:\/\/www.mirabel-aux-baronnies.fr\/s2\/wp-json\/wp\/v2\/pages\/6592","targetHints":{"allow":["GET"]}}],"collection":[{"href":"https:\/\/www.mirabel-aux-baronnies.fr\/s2\/wp-json\/wp\/v2\/pages"}],"about":[{"href":"https:\/\/www.mirabel-aux-baronnies.fr\/s2\/wp-json\/wp\/v2\/types\/page"}],"author":[{"embeddable":true,"href":"https:\/\/www.mirabel-aux-baronnies.fr\/s2\/wp-json\/wp\/v2\/users\/10"}],"replies":[{"embeddable":true,"href":"https:\/\/www.mirabel-aux-baronnies.fr\/s2\/wp-json\/wp\/v2\/comments?post=6592"}],"version-history":[{"count":46,"href":"https:\/\/www.mirabel-aux-baronnies.fr\/s2\/wp-json\/wp\/v2\/pages\/6592\/revisions"}],"predecessor-version":[{"id":7878,"href":"https:\/\/www.mirabel-aux-baronnies.fr\/s2\/wp-json\/wp\/v2\/pages\/6592\/revisions\/7878"}],"wp:attachment":[{"href":"https:\/\/www.mirabel-aux-baronnies.fr\/s2\/wp-json\/wp\/v2\/media?parent=6592"}],"curies":[{"name":"wp","href":"https:\/\/api.w.org\/{rel}","templated":true}]}}